{"id":947,"date":"2023-01-16T10:30:33","date_gmt":"2023-01-16T10:30:33","guid":{"rendered":"https:\/\/fhsrdc.wpcomstaging.com\/?page_id=947"},"modified":"2023-07-11T07:50:50","modified_gmt":"2023-07-11T07:50:50","slug":"impressum","status":"publish","type":"page","link":"https:\/\/fhs.cd\/de\/impressum\/","title":{"rendered":"Impressum"},"content":{"rendered":"\t\t<div data-elementor-type=\"wp-page\" data-elementor-id=\"947\" class=\"elementor elementor-947\">\n\t\t\t\t\t\t<section class=\"elementor-section elementor-top-section elementor-element elementor-element-eea86db elementor-section-boxed elementor-section-height-default qodef-elementor-content-no gtfy-9 gtfy-10\" data-id=\"eea86db\" data-element_type=\"section\" data-e-type=\"section\">\n\t\t\t\t\t\t<div class=\"elementor-container elementor-column-gap-default\">\n\t\t\t\t\t<div class=\"elementor-column elementor-col-100 elementor-top-column elementor-element elementor-element-149aaae\" data-id=\"149aaae\" data-element_type=\"column\" data-e-type=\"column\">\n\t\t\t<div class=\"elementor-widget-wrap elementor-element-populated\">\n\t\t\t\t\t\t<div class=\"elementor-element elementor-element-7b9609b elementor-widget elementor-widget-heading\" data-id=\"7b9609b\" data-element_type=\"widget\" data-e-type=\"widget\" data-widget_type=\"heading.default\">\n\t\t\t\t<div class=\"elementor-widget-container\">\n\t\t\t\t\t<h2 class=\"elementor-heading-title elementor-size-default\">Impressum<\/h2>\t\t\t\t<\/div>\n\t\t\t\t<\/div>\n\t\t\t\t\t<\/div>\n\t\t<\/div>\n\t\t\t\t\t<\/div>\n\t\t<\/section>\n\t\t\t\t<section class=\"elementor-section elementor-top-section elementor-element elementor-element-f7f24a3 elementor-section-boxed elementor-section-height-default elementor-section-height-default qodef-elementor-content-no\" data-id=\"f7f24a3\" data-element_type=\"section\" data-e-type=\"section\">\n\t\t\t\t\t\t<div class=\"elementor-container elementor-column-gap-default\">\n\t\t\t\t\t<div class=\"elementor-column elementor-col-100 elementor-top-column elementor-element elementor-element-d17af76\" data-id=\"d17af76\" data-element_type=\"column\" data-e-type=\"column\">\n\t\t\t<div class=\"elementor-widget-wrap elementor-element-populated\">\n\t\t\t\t\t\t<div class=\"elementor-element elementor-element-c3d48d4 elementor-widget elementor-widget-text-editor\" data-id=\"c3d48d4\" data-element_type=\"widget\" data-e-type=\"widget\" data-widget_type=\"text-editor.default\">\n\t\t\t\t<div class=\"elementor-widget-container\">\n\t\t\t\t\t\t\t\t\t<p><\/p>\n<div class=\"wp-block-columns alignwide is-layout-flex wp-container-core-columns-is-layout-3a88641f wp-block-columns-is-layout-flex gtfy-14\">\n<p><\/p>\n<div class=\"wp-block-column is-layout-flow wp-block-column-is-layout-flow gtfy-13\">\n<p><\/p>\n<p class=\"gtfy-12 wp-block-paragraph\">*Hinweis: Zur besseren Lesbarkeit der Texte wird auf die gleichzeitige Verwendung femininer und maskuliner Sprachformen verzichtet. S\u00e4mtliche Personenbezeichnungen gelten geschlechtsneutral bzw. f\u00fcr alle Geschlechter.<\/p>\n<h3>Kontakt- und Betreiberdaten der Website<\/h3>\n<p>Hanns-Seidel-Stiftung e.V.<br>VReg. beim AG M\u00fcnchen Nr. 7741&nbsp;<\/p>\n<p>Die gesetzliche Vertretung erfolgt durch den&nbsp;ersten Vorsitzenden Markus Ferber, MdEP, den Generalsekret\u00e4r Oliver J\u00f6rg&nbsp;und die drei stellvertretenden Vorsitzenden je einzeln.<\/p>\n<p>Generalsekret\u00e4r<br>Oliver J\u00f6rg<\/p>\n<p>Verantwortlich f\u00fcr Presse- u. \u00d6ffentlichkeitsarbeit\/Publikationen\/Internet<br>Susanne Hornberger<\/p>\n<p>Online-Redaktion:<br>Isabel Pantke, Maximilian Witte<\/p>\n<p>Adresse<br>Hanns-Seidel-Stiftung e.V.<br>Lazarettstra\u00dfe 33<br>80636 M\u00fcnchen&nbsp;<\/p>\n<p>Tel. 089\/1258-0<br>Fax: 089\/1258-356<br>E-Mail:&nbsp;<a>info(at)hss.de<\/a><br>URL:&nbsp;<a class=\"external-link-new-window\" href=\"https:\/\/www.hss.de\/\" target=\"_blank\" rel=\"noopener\">www.hss.de<\/a><\/p>\n<p style=\"background: white; margin: 0cm 0cm 9.0pt 0cm;\"><span style=\"font-family: 'Fira Sans',sans-serif; color: black;\">Diese Website wurde mit WordPress erstellt.<\/span><\/p>\n<p>Die Fotos sind Eigentum der Hanns-Seidel-Stiftung e.V. und wurden in Zusammenarbeit mit den folgenden Fotografen aufgenommen:<\/p>\n<ul>\n<li>Manuel Dorn<\/li>\n<li>Mack Wantashi<\/li>\n<li>Macley Industry<\/li>\n<li>Michael Braunsch\u00e4del<\/li>\n<\/ul>\n<p style=\"background: white; margin: 0cm 0cm 9.0pt 0cm;\"><span style=\"font-family: 'Fira Sans',sans-serif; color: black;\">Alle Inhalte auf diesen Seiten sind, falls nicht anders vermerkt, Eigentum der Hanns-Seidel-Stiftung e.V. Die Fotos, Videos und Tondokumente auf diesen Seiten unterliegen dem jeweils angegebenen Copyright. Die fotomechanische Wiedergabe, Speicherung in elektronischen Medien sowie Ver\u00f6ffentlichungen in anderen Internet-Pr\u00e4senzen dieser Inhalte sind ausdr\u00fccklich untersagt.<\/span><\/p>\n<p><\/p>\n<\/div>\n<p><\/p>\n<\/div>\n<p><\/p>\t\t\t\t\t\t\t\t<\/div>\n\t\t\t\t<\/div>\n\t\t\t\t\t<\/div>\n\t\t<\/div>\n\t\t\t\t\t<\/div>\n\t\t<\/section>\n\t\t\t\t<\/div>\n\t\t","protected":false},"excerpt":{"rendered":"<p>Impressum *Hinweis: Zur besseren Lesbarkeit der Texte wird auf die gleichzeitige Verwendung femininer und maskuliner [&hellip;]<\/p>\n","protected":false},"author":1,"featured_media":0,"parent":0,"menu_order":0,"comment_status":"closed","ping_status":"closed","template":"elementor_theme","meta":{"_crdt_document":"","footnotes":""},"class_list":["post-947","page","type-page","status-publish","hentry"],"yoast_head":"<!-- This site is optimized with the Yoast SEO plugin v27.4 - https:\/\/yoast.com\/product\/yoast-seo-wordpress\/ -->\r\n<title>Impressum | Fondation Hanns Seidel<\/title>\r\n<meta name=\"robots\" content=\"index, follow, max-snippet:-1, max-image-preview:large, max-video-preview:-1\" \/>\r\n<link rel=\"canonical\" href=\"https:\/\/fhs.cd\/de\/impressum\/\" \/>\r\n<meta property=\"og:locale\" content=\"fr_FR\" \/>\r\n<meta property=\"og:type\" content=\"article\" \/>\r\n<meta property=\"og:title\" content=\"Impressum | Fondation Hanns Seidel\" \/>\r\n<meta property=\"og:description\" content=\"Impressum *Hinweis: Zur besseren Lesbarkeit der Texte wird auf die gleichzeitige Verwendung femininer und maskuliner [&hellip;]\" \/>\r\n<meta property=\"og:url\" content=\"https:\/\/fhs.cd\/de\/impressum\/\" \/>\r\n<meta property=\"og:site_name\" content=\"Fondation Hanns Seidel\" \/>\r\n<meta property=\"article:modified_time\" content=\"2023-07-11T07:50:50+00:00\" \/>\r\n<meta name=\"twitter:card\" content=\"summary_large_image\" \/>\r\n<meta name=\"twitter:label1\" content=\"Dur\u00e9e de lecture estim\u00e9e\" \/>\n\t<meta name=\"twitter:data1\" content=\"1 minute\" \/>\r\n<script type=\"application\/ld+json\" class=\"yoast-schema-graph\">{\"@context\":\"https:\\\/\\\/schema.org\",\"@graph\":[{\"@type\":\"WebPage\",\"@id\":\"https:\\\/\\\/fhs.cd\\\/de\\\/impressum\\\/\",\"url\":\"https:\\\/\\\/fhs.cd\\\/de\\\/impressum\\\/\",\"name\":\"Impressum | Fondation Hanns Seidel\",\"isPartOf\":{\"@id\":\"https:\\\/\\\/fhs.cd\\\/de\\\/#website\"},\"datePublished\":\"2023-01-16T10:30:33+00:00\",\"dateModified\":\"2023-07-11T07:50:50+00:00\",\"breadcrumb\":{\"@id\":\"https:\\\/\\\/fhs.cd\\\/de\\\/impressum\\\/#breadcrumb\"},\"inLanguage\":\"fr-FR\",\"potentialAction\":[{\"@type\":\"ReadAction\",\"target\":[\"https:\\\/\\\/fhs.cd\\\/de\\\/impressum\\\/\"]}]},{\"@type\":\"BreadcrumbList\",\"@id\":\"https:\\\/\\\/fhs.cd\\\/de\\\/impressum\\\/#breadcrumb\",\"itemListElement\":[{\"@type\":\"ListItem\",\"position\":1,\"name\":\"Accueil\",\"item\":\"https:\\\/\\\/fhs.cd\\\/de\\\/\"},{\"@type\":\"ListItem\",\"position\":2,\"name\":\"Impressum\"}]},{\"@type\":\"WebSite\",\"@id\":\"https:\\\/\\\/fhs.cd\\\/de\\\/#website\",\"url\":\"https:\\\/\\\/fhs.cd\\\/de\\\/\",\"name\":\"Fondation Hanns Seidel\",\"description\":\"\",\"publisher\":{\"@id\":\"https:\\\/\\\/fhs.cd\\\/de\\\/#organization\"},\"potentialAction\":[{\"@type\":\"SearchAction\",\"target\":{\"@type\":\"EntryPoint\",\"urlTemplate\":\"https:\\\/\\\/fhs.cd\\\/de\\\/?s={search_term_string}\"},\"query-input\":{\"@type\":\"PropertyValueSpecification\",\"valueRequired\":true,\"valueName\":\"search_term_string\"}}],\"inLanguage\":\"fr-FR\"},{\"@type\":\"Organization\",\"@id\":\"https:\\\/\\\/fhs.cd\\\/de\\\/#organization\",\"name\":\"Fondation Hanns Seidel\",\"url\":\"https:\\\/\\\/fhs.cd\\\/de\\\/\",\"logo\":{\"@type\":\"ImageObject\",\"inLanguage\":\"fr-FR\",\"@id\":\"https:\\\/\\\/fhs.cd\\\/de\\\/#\\\/schema\\\/logo\\\/image\\\/\",\"url\":\"https:\\\/\\\/fhs.cd\\\/de\\\/wp-content\\\/uploads\\\/2023\\\/01\\\/cropped-FHS-Logo_fran_RGB_40.jpg\",\"contentUrl\":\"https:\\\/\\\/fhs.cd\\\/de\\\/wp-content\\\/uploads\\\/2023\\\/01\\\/cropped-FHS-Logo_fran_RGB_40.jpg\",\"width\":570,\"height\":280,\"caption\":\"Fondation Hanns Seidel\"},\"image\":{\"@id\":\"https:\\\/\\\/fhs.cd\\\/de\\\/#\\\/schema\\\/logo\\\/image\\\/\"}}]}<\/script>\r\n<!-- \/ Yoast SEO plugin. -->","yoast_head_json":{"title":"Impressum | Fondation Hanns Seidel","robots":{"index":"index","follow":"follow","max-snippet":"max-snippet:-1","max-image-preview":"max-image-preview:large","max-video-preview":"max-video-preview:-1"},"canonical":"https:\/\/fhs.cd\/de\/impressum\/","og_locale":"fr_FR","og_type":"article","og_title":"Impressum | Fondation Hanns Seidel","og_description":"Impressum *Hinweis: Zur besseren Lesbarkeit der Texte wird auf die gleichzeitige Verwendung femininer und maskuliner [&hellip;]","og_url":"https:\/\/fhs.cd\/de\/impressum\/","og_site_name":"Fondation Hanns Seidel","article_modified_time":"2023-07-11T07:50:50+00:00","twitter_card":"summary_large_image","twitter_misc":{"Dur\u00e9e de lecture estim\u00e9e":"1 minute"},"schema":{"@context":"https:\/\/schema.org","@graph":[{"@type":"WebPage","@id":"https:\/\/fhs.cd\/de\/impressum\/","url":"https:\/\/fhs.cd\/de\/impressum\/","name":"Impressum | Fondation Hanns Seidel","isPartOf":{"@id":"https:\/\/fhs.cd\/de\/#website"},"datePublished":"2023-01-16T10:30:33+00:00","dateModified":"2023-07-11T07:50:50+00:00","breadcrumb":{"@id":"https:\/\/fhs.cd\/de\/impressum\/#breadcrumb"},"inLanguage":"fr-FR","potentialAction":[{"@type":"ReadAction","target":["https:\/\/fhs.cd\/de\/impressum\/"]}]},{"@type":"BreadcrumbList","@id":"https:\/\/fhs.cd\/de\/impressum\/#breadcrumb","itemListElement":[{"@type":"ListItem","position":1,"name":"Accueil","item":"https:\/\/fhs.cd\/de\/"},{"@type":"ListItem","position":2,"name":"Impressum"}]},{"@type":"WebSite","@id":"https:\/\/fhs.cd\/de\/#website","url":"https:\/\/fhs.cd\/de\/","name":"Fondation Hanns Seidel","description":"","publisher":{"@id":"https:\/\/fhs.cd\/de\/#organization"},"potentialAction":[{"@type":"SearchAction","target":{"@type":"EntryPoint","urlTemplate":"https:\/\/fhs.cd\/de\/?s={search_term_string}"},"query-input":{"@type":"PropertyValueSpecification","valueRequired":true,"valueName":"search_term_string"}}],"inLanguage":"fr-FR"},{"@type":"Organization","@id":"https:\/\/fhs.cd\/de\/#organization","name":"Fondation Hanns Seidel","url":"https:\/\/fhs.cd\/de\/","logo":{"@type":"ImageObject","inLanguage":"fr-FR","@id":"https:\/\/fhs.cd\/de\/#\/schema\/logo\/image\/","url":"https:\/\/fhs.cd\/de\/wp-content\/uploads\/2023\/01\/cropped-FHS-Logo_fran_RGB_40.jpg","contentUrl":"https:\/\/fhs.cd\/de\/wp-content\/uploads\/2023\/01\/cropped-FHS-Logo_fran_RGB_40.jpg","width":570,"height":280,"caption":"Fondation Hanns Seidel"},"image":{"@id":"https:\/\/fhs.cd\/de\/#\/schema\/logo\/image\/"}}]}},"_links":{"self":[{"href":"https:\/\/fhs.cd\/de\/wp-json\/wp\/v2\/pages\/947","targetHints":{"allow":["GET"]}}],"collection":[{"href":"https:\/\/fhs.cd\/de\/wp-json\/wp\/v2\/pages"}],"about":[{"href":"https:\/\/fhs.cd\/de\/wp-json\/wp\/v2\/types\/page"}],"author":[{"embeddable":true,"href":"https:\/\/fhs.cd\/de\/wp-json\/wp\/v2\/users\/1"}],"replies":[{"embeddable":true,"href":"https:\/\/fhs.cd\/de\/wp-json\/wp\/v2\/comments?post=947"}],"version-history":[{"count":14,"href":"https:\/\/fhs.cd\/de\/wp-json\/wp\/v2\/pages\/947\/revisions"}],"predecessor-version":[{"id":4091,"href":"https:\/\/fhs.cd\/de\/wp-json\/wp\/v2\/pages\/947\/revisions\/4091"}],"wp:attachment":[{"href":"https:\/\/fhs.cd\/de\/wp-json\/wp\/v2\/media?parent=947"}],"curies":[{"name":"wp","href":"https:\/\/api.w.org\/{rel}","templated":true}]}}