{"id":489,"date":"2023-01-12T15:26:31","date_gmt":"2023-01-12T15:26:31","guid":{"rendered":"https:\/\/fhsrdc.wpcomstaging.com\/?page_id=489"},"modified":"2023-01-29T18:14:53","modified_gmt":"2023-01-29T18:14:53","slug":"erfahrungsberichte","status":"publish","type":"page","link":"https:\/\/fhs.cd\/de\/erfahrungsberichte\/","title":{"rendered":"Erfahrungsberichte"},"content":{"rendered":"\t\t<div data-elementor-type=\"wp-page\" data-elementor-id=\"489\" class=\"elementor elementor-489\">\n\t\t\t\t\t\t<section class=\"elementor-section elementor-top-section elementor-element elementor-element-75d7fd8 elementor-section-boxed elementor-section-height-default elementor-section-height-default qodef-elementor-content-no\" data-id=\"75d7fd8\" data-element_type=\"section\" data-e-type=\"section\">\n\t\t\t\t\t\t<div class=\"elementor-container elementor-column-gap-default\">\n\t\t\t\t\t<div class=\"elementor-column elementor-col-100 elementor-top-column elementor-element elementor-element-318c4b3\" data-id=\"318c4b3\" data-element_type=\"column\" data-e-type=\"column\">\n\t\t\t<div class=\"elementor-widget-wrap elementor-element-populated\">\n\t\t\t\t\t\t<div class=\"elementor-element elementor-element-a65afc1 elementor-widget elementor-widget-text-editor\" data-id=\"a65afc1\" data-element_type=\"widget\" data-e-type=\"widget\" data-widget_type=\"text-editor.default\">\n\t\t\t\t<div class=\"elementor-widget-container\">\n\t\t\t\t\t\t\t\t\t<p><strong>Mit seiner Marke \u00ab\u00a0Makala Bio\u00a0\u00bb hat sich Cedric Onoya in der Unternehmerszene der Hauptstadt Kinshasa einen Namen gemacht. Seine Geschichte begann lange bevor er mehrere Preise und Troph\u00e4en f\u00fcr seine innovativen Ideen gewann. Dennoch stieg sein Erfolg rasant an, nachdem er den Wettbewerb Kin Startup Academy (KSA) f\u00fcr sein Produkt \u00ab\u00a0Makala bio\u00a0\u00bb gewonnen hatte &#8211; eine umweltfreundliche Kohle, die aus biologisch abbaubaren Abf\u00e4llen hergestellt wird.<\/strong><\/p><p>Die Hanns-Seidel-Stiftung unterst\u00fctzt die KA-Stiftung seit 2018 bei der F\u00f6rderung des Unternehmertums in der DRK. In diesem Bereich gibt es viele Geschichten von Kongolesen, deren Leben sich durch Empowerment-Mittel ver\u00e4ndert hat. Dies ist ein Auszug aus der Erfolgsgeschichte von Cedric, der der erste Gewinner der ersten Ausgabe von KSA ist.<\/p>\t\t\t\t\t\t\t\t<\/div>\n\t\t\t\t<\/div>\n\t\t\t\t\t<\/div>\n\t\t<\/div>\n\t\t\t\t\t<\/div>\n\t\t<\/section>\n\t\t\t\t<section class=\"elementor-section elementor-top-section elementor-element elementor-element-0bc8453 elementor-section-boxed elementor-section-height-default elementor-section-height-default qodef-elementor-content-no\" data-id=\"0bc8453\" data-element_type=\"section\" data-e-type=\"section\">\n\t\t\t\t\t\t<div class=\"elementor-container elementor-column-gap-default\">\n\t\t\t\t\t<div class=\"elementor-column elementor-col-50 elementor-top-column elementor-element elementor-element-621ac8b\" data-id=\"621ac8b\" data-element_type=\"column\" data-e-type=\"column\">\n\t\t\t<div class=\"elementor-widget-wrap elementor-element-populated\">\n\t\t\t\t\t\t<div class=\"elementor-element elementor-element-6566d3a elementor-widget elementor-widget-image\" data-id=\"6566d3a\" data-element_type=\"widget\" data-e-type=\"widget\" data-widget_type=\"image.default\">\n\t\t\t\t<div class=\"elementor-widget-container\">\n\t\t\t\t\t\t\t\t\t\t\t\t<figure class=\"wp-caption\">\n\t\t\t\t\t\t\t\t\t\t<img fetchpriority=\"high\" decoding=\"async\" width=\"1024\" height=\"683\" src=\"https:\/\/fhs.cd\/de\/wp-content\/uploads\/2023\/01\/2019-02-23_Kinshasa_MD_0006-1-1024x683.jpg\" class=\"attachment-large size-large wp-image-3151\" alt=\"\" srcset=\"https:\/\/fhs.cd\/de\/wp-content\/uploads\/2023\/01\/2019-02-23_Kinshasa_MD_0006-1-1024x683.jpg 1024w, https:\/\/fhs.cd\/de\/wp-content\/uploads\/2023\/01\/2019-02-23_Kinshasa_MD_0006-1-300x200.jpg 300w, https:\/\/fhs.cd\/de\/wp-content\/uploads\/2023\/01\/2019-02-23_Kinshasa_MD_0006-1-768x513.jpg 768w, https:\/\/fhs.cd\/de\/wp-content\/uploads\/2023\/01\/2019-02-23_Kinshasa_MD_0006-1.jpg 1368w\" sizes=\"(max-width: 1024px) 100vw, 1024px\" \/>\t\t\t\t\t\t\t\t\t\t\t<figcaption class=\"widget-image-caption wp-caption-text\">\u00a9 Manuel Dorn - Der Entstehungsprozess von Kohle<\/figcaption>\n\t\t\t\t\t\t\t\t\t\t<\/figure>\n\t\t\t\t\t\t\t\t\t<\/div>\n\t\t\t\t<\/div>\n\t\t\t\t\t<\/div>\n\t\t<\/div>\n\t\t\t\t<div class=\"elementor-column elementor-col-50 elementor-top-column elementor-element elementor-element-ea494f9\" data-id=\"ea494f9\" data-element_type=\"column\" data-e-type=\"column\">\n\t\t\t<div class=\"elementor-widget-wrap elementor-element-populated\">\n\t\t\t\t\t\t<div class=\"elementor-element elementor-element-36b81cf elementor-widget elementor-widget-image\" data-id=\"36b81cf\" data-element_type=\"widget\" data-e-type=\"widget\" data-widget_type=\"image.default\">\n\t\t\t\t<div class=\"elementor-widget-container\">\n\t\t\t\t\t\t\t\t\t\t\t\t<figure class=\"wp-caption\">\n\t\t\t\t\t\t\t\t\t\t<img decoding=\"async\" width=\"1024\" height=\"683\" src=\"https:\/\/fhs.cd\/de\/wp-content\/uploads\/2023\/01\/2019-02-23_Kinshasa_MD_0004-1024x683.jpg\" class=\"attachment-large size-large wp-image-3337\" alt=\"\" srcset=\"https:\/\/fhs.cd\/de\/wp-content\/uploads\/2023\/01\/2019-02-23_Kinshasa_MD_0004-1024x683.jpg 1024w, https:\/\/fhs.cd\/de\/wp-content\/uploads\/2023\/01\/2019-02-23_Kinshasa_MD_0004-300x200.jpg 300w, https:\/\/fhs.cd\/de\/wp-content\/uploads\/2023\/01\/2019-02-23_Kinshasa_MD_0004-768x512.jpg 768w, https:\/\/fhs.cd\/de\/wp-content\/uploads\/2023\/01\/2019-02-23_Kinshasa_MD_0004-1536x1024.jpg 1536w, https:\/\/fhs.cd\/de\/wp-content\/uploads\/2023\/01\/2019-02-23_Kinshasa_MD_0004.jpg 1600w\" sizes=\"(max-width: 1024px) 100vw, 1024px\" \/>\t\t\t\t\t\t\t\t\t\t\t<figcaption class=\"widget-image-caption wp-caption-text\">\u00a9 Manuel Dorn - Kohle aus biologisch abbaubaren Abf\u00e4llen<\/figcaption>\n\t\t\t\t\t\t\t\t\t\t<\/figure>\n\t\t\t\t\t\t\t\t\t<\/div>\n\t\t\t\t<\/div>\n\t\t\t\t\t<\/div>\n\t\t<\/div>\n\t\t\t\t\t<\/div>\n\t\t<\/section>\n\t\t\t\t<section class=\"elementor-section elementor-top-section elementor-element elementor-element-a2fb449 elementor-section-boxed elementor-section-height-default elementor-section-height-default qodef-elementor-content-no\" data-id=\"a2fb449\" data-element_type=\"section\" data-e-type=\"section\">\n\t\t\t\t\t\t<div class=\"elementor-container elementor-column-gap-default\">\n\t\t\t\t\t<div class=\"elementor-column elementor-col-100 elementor-top-column elementor-element elementor-element-931e351\" data-id=\"931e351\" data-element_type=\"column\" data-e-type=\"column\">\n\t\t\t<div class=\"elementor-widget-wrap elementor-element-populated\">\n\t\t\t\t\t\t<div class=\"elementor-element elementor-element-27fba82 elementor-widget elementor-widget-heading\" data-id=\"27fba82\" data-element_type=\"widget\" data-e-type=\"widget\" data-widget_type=\"heading.default\">\n\t\t\t\t<div class=\"elementor-widget-container\">\n\t\t\t\t\t<h3 class=\"elementor-heading-title elementor-size-default\">F\u00fcr Cedric ist der Verkauf von Kohle mehr als nur ein einfacher Beruf, mit dem er seinen Lebensunterhalt verdient.<\/h3>\t\t\t\t<\/div>\n\t\t\t\t<\/div>\n\t\t\t\t\t<\/div>\n\t\t<\/div>\n\t\t\t\t\t<\/div>\n\t\t<\/section>\n\t\t\t\t<section class=\"elementor-section elementor-top-section elementor-element elementor-element-caaddae elementor-section-boxed elementor-section-height-default elementor-section-height-default qodef-elementor-content-no\" data-id=\"caaddae\" data-element_type=\"section\" data-e-type=\"section\" data-settings=\"{&quot;background_background&quot;:&quot;classic&quot;}\">\n\t\t\t\t\t\t<div class=\"elementor-container elementor-column-gap-default\">\n\t\t\t\t\t<div class=\"elementor-column elementor-col-50 elementor-top-column elementor-element elementor-element-a288d42\" data-id=\"a288d42\" data-element_type=\"column\" data-e-type=\"column\">\n\t\t\t<div class=\"elementor-widget-wrap elementor-element-populated\">\n\t\t\t\t\t\t<div class=\"elementor-element elementor-element-739bb60 elementor-widget elementor-widget-image\" data-id=\"739bb60\" data-element_type=\"widget\" data-e-type=\"widget\" data-widget_type=\"image.default\">\n\t\t\t\t<div class=\"elementor-widget-container\">\n\t\t\t\t\t\t\t\t\t\t\t\t<figure class=\"wp-caption\">\n\t\t\t\t\t\t\t\t\t\t<img decoding=\"async\" width=\"683\" height=\"1024\" src=\"https:\/\/fhs.cd\/de\/wp-content\/uploads\/2023\/01\/2019-02-23_Kinshasa_MD_0012-683x1024.jpg\" class=\"attachment-large size-large wp-image-3338\" alt=\"\" srcset=\"https:\/\/fhs.cd\/de\/wp-content\/uploads\/2023\/01\/2019-02-23_Kinshasa_MD_0012-683x1024.jpg 683w, https:\/\/fhs.cd\/de\/wp-content\/uploads\/2023\/01\/2019-02-23_Kinshasa_MD_0012-200x300.jpg 200w, https:\/\/fhs.cd\/de\/wp-content\/uploads\/2023\/01\/2019-02-23_Kinshasa_MD_0012-768x1151.jpg 768w, https:\/\/fhs.cd\/de\/wp-content\/uploads\/2023\/01\/2019-02-23_Kinshasa_MD_0012-1024x1536.jpg 1024w, https:\/\/fhs.cd\/de\/wp-content\/uploads\/2023\/01\/2019-02-23_Kinshasa_MD_0012-1366x2048.jpg 1366w, https:\/\/fhs.cd\/de\/wp-content\/uploads\/2023\/01\/2019-02-23_Kinshasa_MD_0012.jpg 1440w\" sizes=\"(max-width: 683px) 100vw, 683px\" \/>\t\t\t\t\t\t\t\t\t\t\t<figcaption class=\"widget-image-caption wp-caption-text\">\u00a9 Manuel Dorn - Cedric an der Produktionsst\u00e4tte<\/figcaption>\n\t\t\t\t\t\t\t\t\t\t<\/figure>\n\t\t\t\t\t\t\t\t\t<\/div>\n\t\t\t\t<\/div>\n\t\t\t\t\t<\/div>\n\t\t<\/div>\n\t\t\t\t<div class=\"elementor-column elementor-col-50 elementor-top-column elementor-element elementor-element-26d3c7b\" data-id=\"26d3c7b\" data-element_type=\"column\" data-e-type=\"column\">\n\t\t\t<div class=\"elementor-widget-wrap elementor-element-populated\">\n\t\t\t\t\t\t<div class=\"elementor-element elementor-element-0e9c92c elementor-widget elementor-widget-text-editor\" data-id=\"0e9c92c\" data-element_type=\"widget\" data-e-type=\"widget\" data-widget_type=\"text-editor.default\">\n\t\t\t\t<div class=\"elementor-widget-container\">\n\t\t\t\t\t\t\t\t\t<p>\u00ab\u00a0Er bedeutet mir sehr viel. Der Verkauf von Kohle ist ein vernachl\u00e4ssigter Beruf hier in unserem Land. Angesichts der hohen Bev\u00f6lkerungszahl, die wir haben, und des steigenden Energiebedarfs h\u00e4tten wir gro\u00dfe Industrien zur Herstellung von Makala haben m\u00fcssen, wie es in anderen L\u00e4ndern der Fall ist. Aber leider! Der Verkauf von Kohle ist sehr profitabel und da ich ein umweltfreundliches Produkt anbieten wollte, habe ich mich f\u00fcr die Produktion von Bio-Kohle entschieden.\u00a0\u00bb Der Inhaber eines Bachelor-Abschlusses in Informatik ist ein L\u00f6sungsanbieter, denn Makala bio l\u00f6st das Energieproblem, das die Gemeinde hat, und das ist seine Leidenschaft.<\/p><p>Seit seinem Start hat sich \u00ab\u00a0Makala bio\u00a0\u00bb enorm weiterentwickelt, musste aber auch einige Schwierigkeiten wie Platzmangel, administrative H\u00fcrden und Stromknappheit ertragen. Trotzdem gelang Cedric der Durchbruch, indem er seine Initiative startete, die mittlerweile \u00fcber 50 Mitarbeiter besch\u00e4ftigt und zum Lieferanten bekannter Restaurants in Kinshasa geworden ist. Seine Ambitionen gehen noch weiter; C\u00e9dric hat sich zum Ziel gesetzt, zur Verringerung der Entwaldung beizutragen, die mit dem \u00fcberm\u00e4\u00dfigen Verbrauch von Holzkohle einhergeht. Die Sanierung der Stadt Kinshasa durch das Sammeln, Sortieren und Recyceln von Abf\u00e4llen ist ein weiteres Ziel seines Unternehmens. Dies hat ihn auch dazu veranlasst, eine digitale Plattform mit dem Namen \u00ab\u00a0E-BUSHAFU\u00a0\u00bb einzurichten, die die Abf\u00e4lle der lokalen Unternehmen und Haushalte verwalten wird.<\/p>\t\t\t\t\t\t\t\t<\/div>\n\t\t\t\t<\/div>\n\t\t\t\t\t<\/div>\n\t\t<\/div>\n\t\t\t\t\t<\/div>\n\t\t<\/section>\n\t\t\t\t<section class=\"elementor-section elementor-top-section elementor-element elementor-element-9850602 elementor-section-boxed elementor-section-height-default elementor-section-height-default qodef-elementor-content-no\" data-id=\"9850602\" data-element_type=\"section\" data-e-type=\"section\">\n\t\t\t\t\t\t<div class=\"elementor-container elementor-column-gap-default\">\n\t\t\t\t\t<div class=\"elementor-column elementor-col-50 elementor-top-column elementor-element elementor-element-de6f0fa\" data-id=\"de6f0fa\" data-element_type=\"column\" data-e-type=\"column\">\n\t\t\t<div class=\"elementor-widget-wrap elementor-element-populated\">\n\t\t\t\t\t\t<div class=\"elementor-element elementor-element-d1ecc0d elementor-widget elementor-widget-image\" data-id=\"d1ecc0d\" data-element_type=\"widget\" data-e-type=\"widget\" data-widget_type=\"image.default\">\n\t\t\t\t<div class=\"elementor-widget-container\">\n\t\t\t\t\t\t\t\t\t\t\t\t<figure class=\"wp-caption\">\n\t\t\t\t\t\t\t\t\t\t<img loading=\"lazy\" decoding=\"async\" width=\"1024\" height=\"683\" src=\"https:\/\/fhs.cd\/de\/wp-content\/uploads\/2023\/01\/2019-02-23_Kinshasa_MD_0026-1024x683.jpg\" class=\"attachment-large size-large wp-image-3339\" alt=\"\" srcset=\"https:\/\/fhs.cd\/de\/wp-content\/uploads\/2023\/01\/2019-02-23_Kinshasa_MD_0026-1024x683.jpg 1024w, https:\/\/fhs.cd\/de\/wp-content\/uploads\/2023\/01\/2019-02-23_Kinshasa_MD_0026-300x200.jpg 300w, https:\/\/fhs.cd\/de\/wp-content\/uploads\/2023\/01\/2019-02-23_Kinshasa_MD_0026-768x512.jpg 768w, https:\/\/fhs.cd\/de\/wp-content\/uploads\/2023\/01\/2019-02-23_Kinshasa_MD_0026-1536x1024.jpg 1536w, https:\/\/fhs.cd\/de\/wp-content\/uploads\/2023\/01\/2019-02-23_Kinshasa_MD_0026.jpg 1600w\" sizes=\"(max-width: 1024px) 100vw, 1024px\" \/>\t\t\t\t\t\t\t\t\t\t\t<figcaption class=\"widget-image-caption wp-caption-text\">\u00a9 Manuel Dorn <\/figcaption>\n\t\t\t\t\t\t\t\t\t\t<\/figure>\n\t\t\t\t\t\t\t\t\t<\/div>\n\t\t\t\t<\/div>\n\t\t\t\t\t<\/div>\n\t\t<\/div>\n\t\t\t\t<div class=\"elementor-column elementor-col-50 elementor-top-column elementor-element elementor-element-499dc3f\" data-id=\"499dc3f\" data-element_type=\"column\" data-e-type=\"column\">\n\t\t\t<div class=\"elementor-widget-wrap elementor-element-populated\">\n\t\t\t\t\t\t<div class=\"elementor-element elementor-element-4d5753f elementor-widget elementor-widget-image\" data-id=\"4d5753f\" data-element_type=\"widget\" data-e-type=\"widget\" data-widget_type=\"image.default\">\n\t\t\t\t<div class=\"elementor-widget-container\">\n\t\t\t\t\t\t\t\t\t\t\t\t\t\t\t<img loading=\"lazy\" decoding=\"async\" width=\"1024\" height=\"678\" src=\"https:\/\/fhs.cd\/de\/wp-content\/uploads\/2023\/01\/64597387_2144342592331104_2460995966887526400_n-1024x678.jpg\" class=\"attachment-large size-large wp-image-3341\" alt=\"\" srcset=\"https:\/\/fhs.cd\/de\/wp-content\/uploads\/2023\/01\/64597387_2144342592331104_2460995966887526400_n-1024x678.jpg 1024w, https:\/\/fhs.cd\/de\/wp-content\/uploads\/2023\/01\/64597387_2144342592331104_2460995966887526400_n-300x199.jpg 300w, https:\/\/fhs.cd\/de\/wp-content\/uploads\/2023\/01\/64597387_2144342592331104_2460995966887526400_n-768x508.jpg 768w, https:\/\/fhs.cd\/de\/wp-content\/uploads\/2023\/01\/64597387_2144342592331104_2460995966887526400_n.jpg 1080w\" sizes=\"(max-width: 1024px) 100vw, 1024px\" \/>\t\t\t\t\t\t\t\t\t\t\t\t\t\t\t<\/div>\n\t\t\t\t<\/div>\n\t\t\t\t\t<\/div>\n\t\t<\/div>\n\t\t\t\t\t<\/div>\n\t\t<\/section>\n\t\t\t\t<section class=\"elementor-section elementor-top-section elementor-element elementor-element-abc9d1f elementor-section-boxed elementor-section-height-default elementor-section-height-default qodef-elementor-content-no\" data-id=\"abc9d1f\" data-element_type=\"section\" data-e-type=\"section\">\n\t\t\t\t\t\t<div class=\"elementor-container elementor-column-gap-default\">\n\t\t\t\t\t<div class=\"elementor-column elementor-col-100 elementor-top-column elementor-element elementor-element-bb96777\" data-id=\"bb96777\" data-element_type=\"column\" data-e-type=\"column\">\n\t\t\t<div class=\"elementor-widget-wrap elementor-element-populated\">\n\t\t\t\t\t\t<div class=\"elementor-element elementor-element-d77f1b8 elementor-widget elementor-widget-text-editor\" data-id=\"d77f1b8\" data-element_type=\"widget\" data-e-type=\"widget\" data-widget_type=\"text-editor.default\">\n\t\t\t\t<div class=\"elementor-widget-container\">\n\t\t\t\t\t\t\t\t\t<p><strong>Schlie\u00dflich teilte Cedric mit uns einige der wichtigsten Lektionen, die er aus seiner Teilnahme an KSA gelernt hat:<\/strong><\/p><p>\u00ab\u00a0Das ist die fabelhafteste Erfahrung in meinem Leben als Unternehmer. Vor diesem Wettbewerb war ich in der Kommunikationsbranche t\u00e4tig, wo ich viele Misserfolge erlebt habe. Es ist KSA zu verdanken, dass ich:<\/p><ul><li>Die F\u00e4higkeit, einen Gesch\u00e4ftsplan zu verfassen und das Einmaleins des Unternehmertums zu kennen;<\/li><li>Der Mut, von nichts auszugehen, um etwas zu erreichen;<\/li><li>Die M\u00f6glichkeit, in Partnerschaften zu arbeiten. Die Arbeit in einem Netzwerk erm\u00f6glicht es mir, schneller voranzukommen;<\/li><li>Die Teilnahme am Forum f\u00fcr junge Unternehmer in Abidjan und am Wettbewerb Youth Connekt in Ruanda, wo ich den zweiten Preis gewann;<\/li><li>Die Teilnahme am Salon des Entrepreneurs in Marseille mit Unterst\u00fctzung der Hanns-Seidel-Stiftung<\/li><li>Mehrere wichtige Kontakte f\u00fcr mein Unternehmen\u00a0\u00bb.<\/li><\/ul><p><strong>Die Hanns-Seidel-Stiftung unterst\u00fctzt Ma\u00dfnahmen zur F\u00f6rderung des Unternehmertums, um das Leben vieler junger kreativer Menschen zu beeinflussen, die ein enormes Potenzial haben, zu einer positiven Ver\u00e4nderung in ihren jeweiligen Gemeinden und damit auch in ihren L\u00e4ndern beizutragen.<\/strong><\/p>\t\t\t\t\t\t\t\t<\/div>\n\t\t\t\t<\/div>\n\t\t\t\t\t<\/div>\n\t\t<\/div>\n\t\t\t\t\t<\/div>\n\t\t<\/section>\n\t\t\t\t<\/div>\n\t\t","protected":false},"excerpt":{"rendered":"<p>Mit seiner Marke \u00ab\u00a0Makala Bio\u00a0\u00bb hat sich Cedric Onoya in der Unternehmerszene der Hauptstadt Kinshasa [&hellip;]<\/p>\n","protected":false},"author":1,"featured_media":0,"parent":0,"menu_order":0,"comment_status":"closed","ping_status":"closed","template":"wp-custom-template-temoignage-cedrick","meta":{"_crdt_document":"","footnotes":""},"class_list":["post-489","page","type-page","status-publish","hentry"],"yoast_head":"<!-- This site is optimized with the Yoast SEO plugin v27.4 - https:\/\/yoast.com\/product\/yoast-seo-wordpress\/ -->\r\n<title>Erfahrungsberichte | Fondation Hanns Seidel<\/title>\r\n<meta name=\"robots\" content=\"index, follow, max-snippet:-1, max-image-preview:large, max-video-preview:-1\" \/>\r\n<link rel=\"canonical\" href=\"https:\/\/fhs.cd\/de\/erfahrungsberichte\/\" \/>\r\n<meta property=\"og:locale\" content=\"fr_FR\" \/>\r\n<meta property=\"og:type\" content=\"article\" \/>\r\n<meta property=\"og:title\" content=\"Erfahrungsberichte | Fondation Hanns Seidel\" \/>\r\n<meta property=\"og:description\" content=\"Mit seiner Marke \u00ab\u00a0Makala Bio\u00a0\u00bb hat sich Cedric Onoya in der Unternehmerszene der Hauptstadt Kinshasa [&hellip;]\" \/>\r\n<meta property=\"og:url\" content=\"https:\/\/fhs.cd\/de\/erfahrungsberichte\/\" \/>\r\n<meta property=\"og:site_name\" content=\"Fondation Hanns Seidel\" \/>\r\n<meta property=\"article:modified_time\" content=\"2023-01-29T18:14:53+00:00\" \/>\r\n<meta property=\"og:image\" content=\"https:\/\/fhs.cd\/de\/wp-content\/uploads\/2023\/01\/2019-02-23_Kinshasa_MD_0006-1-1024x683.jpg\" \/>\r\n<meta name=\"twitter:card\" content=\"summary_large_image\" \/>\r\n<meta name=\"twitter:label1\" content=\"Dur\u00e9e de lecture estim\u00e9e\" \/>\n\t<meta name=\"twitter:data1\" content=\"4 minutes\" \/>\r\n<script type=\"application\/ld+json\" class=\"yoast-schema-graph\">{\"@context\":\"https:\\\/\\\/schema.org\",\"@graph\":[{\"@type\":\"WebPage\",\"@id\":\"https:\\\/\\\/fhs.cd\\\/de\\\/erfahrungsberichte\\\/\",\"url\":\"https:\\\/\\\/fhs.cd\\\/de\\\/erfahrungsberichte\\\/\",\"name\":\"Erfahrungsberichte | Fondation Hanns Seidel\",\"isPartOf\":{\"@id\":\"https:\\\/\\\/fhs.cd\\\/de\\\/#website\"},\"primaryImageOfPage\":{\"@id\":\"https:\\\/\\\/fhs.cd\\\/de\\\/erfahrungsberichte\\\/#primaryimage\"},\"image\":{\"@id\":\"https:\\\/\\\/fhs.cd\\\/de\\\/erfahrungsberichte\\\/#primaryimage\"},\"thumbnailUrl\":\"https:\\\/\\\/fhs.cd\\\/de\\\/wp-content\\\/uploads\\\/2023\\\/01\\\/2019-02-23_Kinshasa_MD_0006-1-1024x683.jpg\",\"datePublished\":\"2023-01-12T15:26:31+00:00\",\"dateModified\":\"2023-01-29T18:14:53+00:00\",\"breadcrumb\":{\"@id\":\"https:\\\/\\\/fhs.cd\\\/de\\\/erfahrungsberichte\\\/#breadcrumb\"},\"inLanguage\":\"fr-FR\",\"potentialAction\":[{\"@type\":\"ReadAction\",\"target\":[\"https:\\\/\\\/fhs.cd\\\/de\\\/erfahrungsberichte\\\/\"]}]},{\"@type\":\"ImageObject\",\"inLanguage\":\"fr-FR\",\"@id\":\"https:\\\/\\\/fhs.cd\\\/de\\\/erfahrungsberichte\\\/#primaryimage\",\"url\":\"https:\\\/\\\/fhs.cd\\\/de\\\/wp-content\\\/uploads\\\/2023\\\/01\\\/2019-02-23_Kinshasa_MD_0006-1.jpg\",\"contentUrl\":\"https:\\\/\\\/fhs.cd\\\/de\\\/wp-content\\\/uploads\\\/2023\\\/01\\\/2019-02-23_Kinshasa_MD_0006-1.jpg\",\"width\":1368,\"height\":913},{\"@type\":\"BreadcrumbList\",\"@id\":\"https:\\\/\\\/fhs.cd\\\/de\\\/erfahrungsberichte\\\/#breadcrumb\",\"itemListElement\":[{\"@type\":\"ListItem\",\"position\":1,\"name\":\"Accueil\",\"item\":\"https:\\\/\\\/fhs.cd\\\/de\\\/\"},{\"@type\":\"ListItem\",\"position\":2,\"name\":\"Erfahrungsberichte\"}]},{\"@type\":\"WebSite\",\"@id\":\"https:\\\/\\\/fhs.cd\\\/de\\\/#website\",\"url\":\"https:\\\/\\\/fhs.cd\\\/de\\\/\",\"name\":\"Fondation Hanns Seidel\",\"description\":\"\",\"publisher\":{\"@id\":\"https:\\\/\\\/fhs.cd\\\/de\\\/#organization\"},\"potentialAction\":[{\"@type\":\"SearchAction\",\"target\":{\"@type\":\"EntryPoint\",\"urlTemplate\":\"https:\\\/\\\/fhs.cd\\\/de\\\/?s={search_term_string}\"},\"query-input\":{\"@type\":\"PropertyValueSpecification\",\"valueRequired\":true,\"valueName\":\"search_term_string\"}}],\"inLanguage\":\"fr-FR\"},{\"@type\":\"Organization\",\"@id\":\"https:\\\/\\\/fhs.cd\\\/de\\\/#organization\",\"name\":\"Fondation Hanns Seidel\",\"url\":\"https:\\\/\\\/fhs.cd\\\/de\\\/\",\"logo\":{\"@type\":\"ImageObject\",\"inLanguage\":\"fr-FR\",\"@id\":\"https:\\\/\\\/fhs.cd\\\/de\\\/#\\\/schema\\\/logo\\\/image\\\/\",\"url\":\"https:\\\/\\\/fhs.cd\\\/de\\\/wp-content\\\/uploads\\\/2023\\\/01\\\/cropped-FHS-Logo_fran_RGB_40.jpg\",\"contentUrl\":\"https:\\\/\\\/fhs.cd\\\/de\\\/wp-content\\\/uploads\\\/2023\\\/01\\\/cropped-FHS-Logo_fran_RGB_40.jpg\",\"width\":570,\"height\":280,\"caption\":\"Fondation Hanns Seidel\"},\"image\":{\"@id\":\"https:\\\/\\\/fhs.cd\\\/de\\\/#\\\/schema\\\/logo\\\/image\\\/\"}}]}<\/script>\r\n<!-- \/ Yoast SEO plugin. -->","yoast_head_json":{"title":"Erfahrungsberichte | Fondation Hanns Seidel","robots":{"index":"index","follow":"follow","max-snippet":"max-snippet:-1","max-image-preview":"max-image-preview:large","max-video-preview":"max-video-preview:-1"},"canonical":"https:\/\/fhs.cd\/de\/erfahrungsberichte\/","og_locale":"fr_FR","og_type":"article","og_title":"Erfahrungsberichte | Fondation Hanns Seidel","og_description":"Mit seiner Marke \u00ab\u00a0Makala Bio\u00a0\u00bb hat sich Cedric Onoya in der Unternehmerszene der Hauptstadt Kinshasa [&hellip;]","og_url":"https:\/\/fhs.cd\/de\/erfahrungsberichte\/","og_site_name":"Fondation Hanns Seidel","article_modified_time":"2023-01-29T18:14:53+00:00","og_image":[{"url":"https:\/\/fhs.cd\/de\/wp-content\/uploads\/2023\/01\/2019-02-23_Kinshasa_MD_0006-1-1024x683.jpg","type":"","width":"","height":""}],"twitter_card":"summary_large_image","twitter_misc":{"Dur\u00e9e de lecture estim\u00e9e":"4 minutes"},"schema":{"@context":"https:\/\/schema.org","@graph":[{"@type":"WebPage","@id":"https:\/\/fhs.cd\/de\/erfahrungsberichte\/","url":"https:\/\/fhs.cd\/de\/erfahrungsberichte\/","name":"Erfahrungsberichte | Fondation Hanns Seidel","isPartOf":{"@id":"https:\/\/fhs.cd\/de\/#website"},"primaryImageOfPage":{"@id":"https:\/\/fhs.cd\/de\/erfahrungsberichte\/#primaryimage"},"image":{"@id":"https:\/\/fhs.cd\/de\/erfahrungsberichte\/#primaryimage"},"thumbnailUrl":"https:\/\/fhs.cd\/de\/wp-content\/uploads\/2023\/01\/2019-02-23_Kinshasa_MD_0006-1-1024x683.jpg","datePublished":"2023-01-12T15:26:31+00:00","dateModified":"2023-01-29T18:14:53+00:00","breadcrumb":{"@id":"https:\/\/fhs.cd\/de\/erfahrungsberichte\/#breadcrumb"},"inLanguage":"fr-FR","potentialAction":[{"@type":"ReadAction","target":["https:\/\/fhs.cd\/de\/erfahrungsberichte\/"]}]},{"@type":"ImageObject","inLanguage":"fr-FR","@id":"https:\/\/fhs.cd\/de\/erfahrungsberichte\/#primaryimage","url":"https:\/\/fhs.cd\/de\/wp-content\/uploads\/2023\/01\/2019-02-23_Kinshasa_MD_0006-1.jpg","contentUrl":"https:\/\/fhs.cd\/de\/wp-content\/uploads\/2023\/01\/2019-02-23_Kinshasa_MD_0006-1.jpg","width":1368,"height":913},{"@type":"BreadcrumbList","@id":"https:\/\/fhs.cd\/de\/erfahrungsberichte\/#breadcrumb","itemListElement":[{"@type":"ListItem","position":1,"name":"Accueil","item":"https:\/\/fhs.cd\/de\/"},{"@type":"ListItem","position":2,"name":"Erfahrungsberichte"}]},{"@type":"WebSite","@id":"https:\/\/fhs.cd\/de\/#website","url":"https:\/\/fhs.cd\/de\/","name":"Fondation Hanns Seidel","description":"","publisher":{"@id":"https:\/\/fhs.cd\/de\/#organization"},"potentialAction":[{"@type":"SearchAction","target":{"@type":"EntryPoint","urlTemplate":"https:\/\/fhs.cd\/de\/?s={search_term_string}"},"query-input":{"@type":"PropertyValueSpecification","valueRequired":true,"valueName":"search_term_string"}}],"inLanguage":"fr-FR"},{"@type":"Organization","@id":"https:\/\/fhs.cd\/de\/#organization","name":"Fondation Hanns Seidel","url":"https:\/\/fhs.cd\/de\/","logo":{"@type":"ImageObject","inLanguage":"fr-FR","@id":"https:\/\/fhs.cd\/de\/#\/schema\/logo\/image\/","url":"https:\/\/fhs.cd\/de\/wp-content\/uploads\/2023\/01\/cropped-FHS-Logo_fran_RGB_40.jpg","contentUrl":"https:\/\/fhs.cd\/de\/wp-content\/uploads\/2023\/01\/cropped-FHS-Logo_fran_RGB_40.jpg","width":570,"height":280,"caption":"Fondation Hanns Seidel"},"image":{"@id":"https:\/\/fhs.cd\/de\/#\/schema\/logo\/image\/"}}]}},"_links":{"self":[{"href":"https:\/\/fhs.cd\/de\/wp-json\/wp\/v2\/pages\/489","targetHints":{"allow":["GET"]}}],"collection":[{"href":"https:\/\/fhs.cd\/de\/wp-json\/wp\/v2\/pages"}],"about":[{"href":"https:\/\/fhs.cd\/de\/wp-json\/wp\/v2\/types\/page"}],"author":[{"embeddable":true,"href":"https:\/\/fhs.cd\/de\/wp-json\/wp\/v2\/users\/1"}],"replies":[{"embeddable":true,"href":"https:\/\/fhs.cd\/de\/wp-json\/wp\/v2\/comments?post=489"}],"version-history":[{"count":20,"href":"https:\/\/fhs.cd\/de\/wp-json\/wp\/v2\/pages\/489\/revisions"}],"predecessor-version":[{"id":3835,"href":"https:\/\/fhs.cd\/de\/wp-json\/wp\/v2\/pages\/489\/revisions\/3835"}],"wp:attachment":[{"href":"https:\/\/fhs.cd\/de\/wp-json\/wp\/v2\/media?parent=489"}],"curies":[{"name":"wp","href":"https:\/\/api.w.org\/{rel}","templated":true}]}}