{"id":270,"date":"2023-01-12T08:45:55","date_gmt":"2023-01-12T08:45:55","guid":{"rendered":"https:\/\/fhsrdc.wpcomstaging.com\/?page_id=270"},"modified":"2024-09-24T14:25:28","modified_gmt":"2024-09-24T14:25:28","slug":"unsere-partner","status":"publish","type":"page","link":"https:\/\/fhs.cd\/de\/unsere-arbeit\/unsere-partner\/","title":{"rendered":"Unsere Partner"},"content":{"rendered":"\t\t<div data-elementor-type=\"wp-page\" data-elementor-id=\"270\" class=\"elementor elementor-270\">\n\t\t\t\t\t\t<section class=\"elementor-section elementor-top-section elementor-element elementor-element-962167b elementor-section-boxed elementor-section-height-default elementor-section-height-default qodef-elementor-content-no\" data-id=\"962167b\" data-element_type=\"section\" data-e-type=\"section\">\n\t\t\t\t\t\t<div class=\"elementor-container elementor-column-gap-default\">\n\t\t\t\t\t<div class=\"elementor-column elementor-col-100 elementor-top-column elementor-element elementor-element-dc69279\" data-id=\"dc69279\" data-element_type=\"column\" data-e-type=\"column\">\n\t\t\t<div class=\"elementor-widget-wrap elementor-element-populated\">\n\t\t\t\t\t\t<div class=\"elementor-element elementor-element-d8d61e0 elementor-widget elementor-widget-text-editor\" data-id=\"d8d61e0\" data-element_type=\"widget\" data-e-type=\"widget\" data-widget_type=\"text-editor.default\">\n\t\t\t\t<div class=\"elementor-widget-container\">\n\t\t\t\t\t\t\t\t\t<p><strong>Obwohl die Hanns-Seidel-Stiftung (HSS) eine deutsche politische Stiftung ist, die der politischen Partei CSU (Christlich-Soziale Union) nahesteht und auf christlichen Werten beruht, engagiert sie sich nicht in parteipolitischen Aktivit\u00e4ten und stellt sich nicht hinter eine politische Partei in der DR Kongo. Ihre Hauptaufgabe besteht darin, die Entwicklung eines demokratischen Systems im Ausland zu unterst\u00fctzen. So f\u00fchrt sie ihre Aktionen \u00fcber eine Reihe von lokalen Partnern durch. Insgesamt hat die HSS etwa 20 Partner, die in 11 von 26 Provinzen der DR Kongo vertreten sind. Ihre Einsatzbereiche reichen von der politischen Bildung und Wahlerziehung \u00fcber Unternehmertum und Ern\u00e4hrungssicherheit bis hin zur Landverwaltung.<\/strong><\/p>\t\t\t\t\t\t\t\t<\/div>\n\t\t\t\t<\/div>\n\t\t\t\t\t<\/div>\n\t\t<\/div>\n\t\t\t\t\t<\/div>\n\t\t<\/section>\n\t\t\t\t<section class=\"elementor-section elementor-top-section elementor-element elementor-element-a0245c8 elementor-section-boxed elementor-section-height-default elementor-section-height-default qodef-elementor-content-no\" data-id=\"a0245c8\" data-element_type=\"section\" data-e-type=\"section\">\n\t\t\t\t\t\t<div class=\"elementor-container elementor-column-gap-default\">\n\t\t\t\t\t<div class=\"elementor-column elementor-col-100 elementor-top-column elementor-element elementor-element-c7f28d3\" data-id=\"c7f28d3\" data-element_type=\"column\" data-e-type=\"column\">\n\t\t\t<div class=\"elementor-widget-wrap elementor-element-populated\">\n\t\t\t\t\t\t<div class=\"elementor-element elementor-element-7a77df8 elementor-widget elementor-widget-text-editor\" data-id=\"7a77df8\" data-element_type=\"widget\" data-e-type=\"widget\" data-widget_type=\"text-editor.default\">\n\t\t\t\t<div class=\"elementor-widget-container\">\n\t\t\t\t\t\t\t\t\t<p>Es gibt sogar Unterschiede in der Art der Partner, wie z. B. Ministerien, NGOs, kirchliche Organisationen und Organisationen der Zivilgesellschaft. Die HSS hat in der Vergangenheit mit dem Ziel gegr\u00fcndet, ihre Wirkung in den Bereichen Unternehmertum und politische Bildung zu verst\u00e4rken. Ebenso unterscheiden sich ihre Ma\u00dfnahmen und die angewandten Methoden je nach Art des Einsatzbereichs. Diejenigen, die in der F\u00f6rderung des Unternehmertums, in der IT-Ausbildung oder in der Ausbildung von Politikerinnen t\u00e4tig sind, organisieren das ganze Jahr \u00fcber Aktivit\u00e4ten, die es den Teilnehmern erm\u00f6glichen, das Gelernte zu beherrschen und ihre F\u00e4higkeiten entsprechend anzuwenden. Nur die Schulungen f\u00fcr Politikerinnen und Unternehmerinnen sind fortlaufend. Im Gegensatz zu den Partnern, die im Bereich der politischen Bildung t\u00e4tig sind und vor allem einzelne Aktivit\u00e4ten durchf\u00fchren, die sich auf ein Thema der politischen Bildung oder auf den Dialog zwischen der Zivilgesellschaft und den lokalen Beh\u00f6rden konzentrieren. Die Instrumente, die die Partner bei ihren Aktivit\u00e4ten einsetzen, sind vielf\u00e4ltig. Wir unterscheiden zwischen Seminaren, Workshops, Meinungsforen, Radiosendungen, Coaching, H\u00f6rerclubs bis hin zu Fernsehsendungen.<\/p><p><strong>Kurz gesagt, die Aktivit\u00e4ten, die die Stiftung \u00fcber ihre lokalen Partner durchf\u00fchrt, f\u00f6rdern die Demokratie und gute Regierungsf\u00fchrung, den Frieden und die nachhaltige Entwicklung.<\/strong><\/p>\t\t\t\t\t\t\t\t<\/div>\n\t\t\t\t<\/div>\n\t\t\t\t\t<\/div>\n\t\t<\/div>\n\t\t\t\t\t<\/div>\n\t\t<\/section>\n\t\t\t\t<section class=\"elementor-section elementor-top-section elementor-element elementor-element-bfe6448 elementor-section-boxed elementor-section-height-default elementor-section-height-default qodef-elementor-content-no\" data-id=\"bfe6448\" data-element_type=\"section\" data-e-type=\"section\">\n\t\t\t\t\t\t<div class=\"elementor-container elementor-column-gap-default\">\n\t\t\t\t\t<div class=\"elementor-column elementor-col-100 elementor-top-column elementor-element elementor-element-3cf5460\" data-id=\"3cf5460\" data-element_type=\"column\" data-e-type=\"column\">\n\t\t\t<div class=\"elementor-widget-wrap elementor-element-populated\">\n\t\t\t\t\t\t<div class=\"elementor-element elementor-element-6561f53 elementor-widget elementor-widget-qi_addons_for_elementor_image_gallery\" data-id=\"6561f53\" data-element_type=\"widget\" data-e-type=\"widget\" data-widget_type=\"qi_addons_for_elementor_image_gallery.default\">\n\t\t\t\t<div class=\"elementor-widget-container\">\n\t\t\t\t\t<div class=\"qodef-shortcode qodef-m qodef-qi-image-gallery qodef-qi-fslightbox-popup qodef-popup-gallery qodef-image--hover-zoom qodef-qi-grid qodef-layout--qi-columns qodef-col-num--3 qodef-responsive--predefined\">\n\t<div class=\"qodef-grid-inner\">\n\t\t<div class=\"qodef-e qodef-image-wrapper qodef-grid-item\">\n\t<div class=\"qodef-e-inner\">\n\t\t\t\t\t<a class=\"qodef-popup-item\" itemprop=\"image\" href=\"https:\/\/fhs.cd\/de\/wp-content\/uploads\/2023\/01\/LbhWM-localisation-de-nos-partenaires-en-rdc-nbsp-.png\" data-type=\"image\" data-fslightbox=\"gallery-628\">\n\t\t\t\t\t<img fetchpriority=\"high\" decoding=\"async\" width=\"1240\" height=\"1364\" src=\"https:\/\/fhs.cd\/de\/wp-content\/uploads\/2023\/01\/LbhWM-localisation-de-nos-partenaires-en-rdc-nbsp-.png\" class=\"attachment-full size-full\" alt=\"\" srcset=\"https:\/\/fhs.cd\/de\/wp-content\/uploads\/2023\/01\/LbhWM-localisation-de-nos-partenaires-en-rdc-nbsp-.png 1240w, https:\/\/fhs.cd\/de\/wp-content\/uploads\/2023\/01\/LbhWM-localisation-de-nos-partenaires-en-rdc-nbsp--273x300.png 273w, https:\/\/fhs.cd\/de\/wp-content\/uploads\/2023\/01\/LbhWM-localisation-de-nos-partenaires-en-rdc-nbsp--931x1024.png 931w, https:\/\/fhs.cd\/de\/wp-content\/uploads\/2023\/01\/LbhWM-localisation-de-nos-partenaires-en-rdc-nbsp--768x845.png 768w\" sizes=\"(max-width: 1240px) 100vw, 1240px\" \/>\t\t\t\t\t<\/a>\n\t\t\t<\/div>\n<\/div>\n<div class=\"qodef-e qodef-image-wrapper qodef-grid-item\">\n\t<div class=\"qodef-e-inner\">\n\t\t\t\t\t<a class=\"qodef-popup-item\" itemprop=\"image\" href=\"https:\/\/fhs.cd\/de\/wp-content\/uploads\/2023\/01\/2019-02-08_Kinshasa_MD_0088.jpg\" data-type=\"image\" data-fslightbox=\"gallery-628\">\n\t\t\t\t\t<img decoding=\"async\" width=\"1216\" height=\"1824\" src=\"https:\/\/fhs.cd\/de\/wp-content\/uploads\/2023\/01\/2019-02-08_Kinshasa_MD_0088.jpg\" class=\"attachment-full size-full\" alt=\"\" srcset=\"https:\/\/fhs.cd\/de\/wp-content\/uploads\/2023\/01\/2019-02-08_Kinshasa_MD_0088.jpg 1216w, https:\/\/fhs.cd\/de\/wp-content\/uploads\/2023\/01\/2019-02-08_Kinshasa_MD_0088-200x300.jpg 200w, https:\/\/fhs.cd\/de\/wp-content\/uploads\/2023\/01\/2019-02-08_Kinshasa_MD_0088-683x1024.jpg 683w, https:\/\/fhs.cd\/de\/wp-content\/uploads\/2023\/01\/2019-02-08_Kinshasa_MD_0088-768x1152.jpg 768w, https:\/\/fhs.cd\/de\/wp-content\/uploads\/2023\/01\/2019-02-08_Kinshasa_MD_0088-1024x1536.jpg 1024w\" sizes=\"(max-width: 1216px) 100vw, 1216px\" \/>\t\t\t\t\t<\/a>\n\t\t\t<\/div>\n<\/div>\n<div class=\"qodef-e qodef-image-wrapper qodef-grid-item\">\n\t<div class=\"qodef-e-inner\">\n\t\t\t\t\t<a class=\"qodef-popup-item\" itemprop=\"image\" href=\"https:\/\/fhs.cd\/de\/wp-content\/uploads\/2023\/01\/2019-02-08_Kinshasa_MD_0003-21-scaled.jpg\" data-type=\"image\" data-fslightbox=\"gallery-628\">\n\t\t\t\t\t<img decoding=\"async\" width=\"2560\" height=\"1697\" src=\"https:\/\/fhs.cd\/de\/wp-content\/uploads\/2023\/01\/2019-02-08_Kinshasa_MD_0003-21-scaled.jpg\" class=\"attachment-full size-full\" alt=\"\" srcset=\"https:\/\/fhs.cd\/de\/wp-content\/uploads\/2023\/01\/2019-02-08_Kinshasa_MD_0003-21-scaled.jpg 2560w, https:\/\/fhs.cd\/de\/wp-content\/uploads\/2023\/01\/2019-02-08_Kinshasa_MD_0003-21-300x199.jpg 300w, https:\/\/fhs.cd\/de\/wp-content\/uploads\/2023\/01\/2019-02-08_Kinshasa_MD_0003-21-1024x679.jpg 1024w, https:\/\/fhs.cd\/de\/wp-content\/uploads\/2023\/01\/2019-02-08_Kinshasa_MD_0003-21-768x509.jpg 768w, https:\/\/fhs.cd\/de\/wp-content\/uploads\/2023\/01\/2019-02-08_Kinshasa_MD_0003-21-1536x1018.jpg 1536w, https:\/\/fhs.cd\/de\/wp-content\/uploads\/2023\/01\/2019-02-08_Kinshasa_MD_0003-21-2048x1358.jpg 2048w\" sizes=\"(max-width: 2560px) 100vw, 2560px\" \/>\t\t\t\t\t<\/a>\n\t\t\t<\/div>\n<\/div>\n\t<\/div>\n<\/div>\n\t\t\t\t<\/div>\n\t\t\t\t<\/div>\n\t\t\t\t\t<\/div>\n\t\t<\/div>\n\t\t\t\t\t<\/div>\n\t\t<\/section>\n\t\t\t\t<\/div>\n\t\t","protected":false},"excerpt":{"rendered":"<p>Obwohl die Hanns-Seidel-Stiftung (HSS) eine deutsche politische Stiftung ist, die der politischen Partei CSU (Christlich-Soziale [&hellip;]<\/p>\n","protected":false},"author":1,"featured_media":0,"parent":213,"menu_order":0,"comment_status":"closed","ping_status":"closed","template":"wp-custom-template-partenaires","meta":{"_crdt_document":"","footnotes":""},"class_list":["post-270","page","type-page","status-publish","hentry"],"yoast_head":"<!-- This site is optimized with the Yoast SEO plugin v27.4 - https:\/\/yoast.com\/product\/yoast-seo-wordpress\/ -->\r\n<title>Unsere Partner | Fondation Hanns Seidel<\/title>\r\n<meta name=\"robots\" content=\"index, follow, max-snippet:-1, max-image-preview:large, max-video-preview:-1\" \/>\r\n<link rel=\"canonical\" href=\"https:\/\/fhs.cd\/de\/unsere-arbeit\/unsere-partner\/\" \/>\r\n<meta property=\"og:locale\" content=\"fr_FR\" \/>\r\n<meta property=\"og:type\" content=\"article\" \/>\r\n<meta property=\"og:title\" content=\"Unsere Partner | Fondation Hanns Seidel\" \/>\r\n<meta property=\"og:description\" content=\"Obwohl die Hanns-Seidel-Stiftung (HSS) eine deutsche politische Stiftung ist, die der politischen Partei CSU (Christlich-Soziale [&hellip;]\" \/>\r\n<meta property=\"og:url\" content=\"https:\/\/fhs.cd\/de\/unsere-arbeit\/unsere-partner\/\" \/>\r\n<meta property=\"og:site_name\" content=\"Fondation Hanns Seidel\" \/>\r\n<meta property=\"article:modified_time\" content=\"2024-09-24T14:25:28+00:00\" \/>\r\n<meta property=\"og:image\" content=\"https:\/\/fhs.cd\/de\/wp-content\/uploads\/2023\/01\/LbhWM-localisation-de-nos-partenaires-en-rdc-nbsp-.png\" \/>\r\n<meta name=\"twitter:card\" content=\"summary_large_image\" \/>\r\n<meta name=\"twitter:label1\" content=\"Dur\u00e9e de lecture estim\u00e9e\" \/>\n\t<meta name=\"twitter:data1\" content=\"3 minutes\" \/>\r\n<script type=\"application\/ld+json\" class=\"yoast-schema-graph\">{\"@context\":\"https:\\\/\\\/schema.org\",\"@graph\":[{\"@type\":\"WebPage\",\"@id\":\"https:\\\/\\\/fhs.cd\\\/de\\\/unsere-arbeit\\\/unsere-partner\\\/\",\"url\":\"https:\\\/\\\/fhs.cd\\\/de\\\/unsere-arbeit\\\/unsere-partner\\\/\",\"name\":\"Unsere Partner | Fondation Hanns Seidel\",\"isPartOf\":{\"@id\":\"https:\\\/\\\/fhs.cd\\\/de\\\/#website\"},\"primaryImageOfPage\":{\"@id\":\"https:\\\/\\\/fhs.cd\\\/de\\\/unsere-arbeit\\\/unsere-partner\\\/#primaryimage\"},\"image\":{\"@id\":\"https:\\\/\\\/fhs.cd\\\/de\\\/unsere-arbeit\\\/unsere-partner\\\/#primaryimage\"},\"thumbnailUrl\":\"https:\\\/\\\/fhs.cd\\\/de\\\/wp-content\\\/uploads\\\/2023\\\/01\\\/LbhWM-localisation-de-nos-partenaires-en-rdc-nbsp-.png\",\"datePublished\":\"2023-01-12T08:45:55+00:00\",\"dateModified\":\"2024-09-24T14:25:28+00:00\",\"breadcrumb\":{\"@id\":\"https:\\\/\\\/fhs.cd\\\/de\\\/unsere-arbeit\\\/unsere-partner\\\/#breadcrumb\"},\"inLanguage\":\"fr-FR\",\"potentialAction\":[{\"@type\":\"ReadAction\",\"target\":[\"https:\\\/\\\/fhs.cd\\\/de\\\/unsere-arbeit\\\/unsere-partner\\\/\"]}]},{\"@type\":\"ImageObject\",\"inLanguage\":\"fr-FR\",\"@id\":\"https:\\\/\\\/fhs.cd\\\/de\\\/unsere-arbeit\\\/unsere-partner\\\/#primaryimage\",\"url\":\"https:\\\/\\\/fhs.cd\\\/de\\\/wp-content\\\/uploads\\\/2023\\\/01\\\/LbhWM-localisation-de-nos-partenaires-en-rdc-nbsp-.png\",\"contentUrl\":\"https:\\\/\\\/fhs.cd\\\/de\\\/wp-content\\\/uploads\\\/2023\\\/01\\\/LbhWM-localisation-de-nos-partenaires-en-rdc-nbsp-.png\",\"width\":1240,\"height\":1364},{\"@type\":\"BreadcrumbList\",\"@id\":\"https:\\\/\\\/fhs.cd\\\/de\\\/unsere-arbeit\\\/unsere-partner\\\/#breadcrumb\",\"itemListElement\":[{\"@type\":\"ListItem\",\"position\":1,\"name\":\"Accueil\",\"item\":\"https:\\\/\\\/fhs.cd\\\/de\\\/\"},{\"@type\":\"ListItem\",\"position\":2,\"name\":\"Unsere Arbeit\",\"item\":\"https:\\\/\\\/fhs.cd\\\/de\\\/unsere-arbeit\\\/\"},{\"@type\":\"ListItem\",\"position\":3,\"name\":\"Unsere Partner\"}]},{\"@type\":\"WebSite\",\"@id\":\"https:\\\/\\\/fhs.cd\\\/de\\\/#website\",\"url\":\"https:\\\/\\\/fhs.cd\\\/de\\\/\",\"name\":\"Fondation Hanns Seidel\",\"description\":\"\",\"publisher\":{\"@id\":\"https:\\\/\\\/fhs.cd\\\/de\\\/#organization\"},\"potentialAction\":[{\"@type\":\"SearchAction\",\"target\":{\"@type\":\"EntryPoint\",\"urlTemplate\":\"https:\\\/\\\/fhs.cd\\\/de\\\/?s={search_term_string}\"},\"query-input\":{\"@type\":\"PropertyValueSpecification\",\"valueRequired\":true,\"valueName\":\"search_term_string\"}}],\"inLanguage\":\"fr-FR\"},{\"@type\":\"Organization\",\"@id\":\"https:\\\/\\\/fhs.cd\\\/de\\\/#organization\",\"name\":\"Fondation Hanns Seidel\",\"url\":\"https:\\\/\\\/fhs.cd\\\/de\\\/\",\"logo\":{\"@type\":\"ImageObject\",\"inLanguage\":\"fr-FR\",\"@id\":\"https:\\\/\\\/fhs.cd\\\/de\\\/#\\\/schema\\\/logo\\\/image\\\/\",\"url\":\"https:\\\/\\\/fhs.cd\\\/de\\\/wp-content\\\/uploads\\\/2023\\\/01\\\/cropped-FHS-Logo_fran_RGB_40.jpg\",\"contentUrl\":\"https:\\\/\\\/fhs.cd\\\/de\\\/wp-content\\\/uploads\\\/2023\\\/01\\\/cropped-FHS-Logo_fran_RGB_40.jpg\",\"width\":570,\"height\":280,\"caption\":\"Fondation Hanns Seidel\"},\"image\":{\"@id\":\"https:\\\/\\\/fhs.cd\\\/de\\\/#\\\/schema\\\/logo\\\/image\\\/\"}}]}<\/script>\r\n<!-- \/ Yoast SEO plugin. -->","yoast_head_json":{"title":"Unsere Partner | Fondation Hanns Seidel","robots":{"index":"index","follow":"follow","max-snippet":"max-snippet:-1","max-image-preview":"max-image-preview:large","max-video-preview":"max-video-preview:-1"},"canonical":"https:\/\/fhs.cd\/de\/unsere-arbeit\/unsere-partner\/","og_locale":"fr_FR","og_type":"article","og_title":"Unsere Partner | Fondation Hanns Seidel","og_description":"Obwohl die Hanns-Seidel-Stiftung (HSS) eine deutsche politische Stiftung ist, die der politischen Partei CSU (Christlich-Soziale [&hellip;]","og_url":"https:\/\/fhs.cd\/de\/unsere-arbeit\/unsere-partner\/","og_site_name":"Fondation Hanns Seidel","article_modified_time":"2024-09-24T14:25:28+00:00","og_image":[{"url":"https:\/\/fhs.cd\/de\/wp-content\/uploads\/2023\/01\/LbhWM-localisation-de-nos-partenaires-en-rdc-nbsp-.png","type":"","width":"","height":""}],"twitter_card":"summary_large_image","twitter_misc":{"Dur\u00e9e de lecture estim\u00e9e":"3 minutes"},"schema":{"@context":"https:\/\/schema.org","@graph":[{"@type":"WebPage","@id":"https:\/\/fhs.cd\/de\/unsere-arbeit\/unsere-partner\/","url":"https:\/\/fhs.cd\/de\/unsere-arbeit\/unsere-partner\/","name":"Unsere Partner | Fondation Hanns Seidel","isPartOf":{"@id":"https:\/\/fhs.cd\/de\/#website"},"primaryImageOfPage":{"@id":"https:\/\/fhs.cd\/de\/unsere-arbeit\/unsere-partner\/#primaryimage"},"image":{"@id":"https:\/\/fhs.cd\/de\/unsere-arbeit\/unsere-partner\/#primaryimage"},"thumbnailUrl":"https:\/\/fhs.cd\/de\/wp-content\/uploads\/2023\/01\/LbhWM-localisation-de-nos-partenaires-en-rdc-nbsp-.png","datePublished":"2023-01-12T08:45:55+00:00","dateModified":"2024-09-24T14:25:28+00:00","breadcrumb":{"@id":"https:\/\/fhs.cd\/de\/unsere-arbeit\/unsere-partner\/#breadcrumb"},"inLanguage":"fr-FR","potentialAction":[{"@type":"ReadAction","target":["https:\/\/fhs.cd\/de\/unsere-arbeit\/unsere-partner\/"]}]},{"@type":"ImageObject","inLanguage":"fr-FR","@id":"https:\/\/fhs.cd\/de\/unsere-arbeit\/unsere-partner\/#primaryimage","url":"https:\/\/fhs.cd\/de\/wp-content\/uploads\/2023\/01\/LbhWM-localisation-de-nos-partenaires-en-rdc-nbsp-.png","contentUrl":"https:\/\/fhs.cd\/de\/wp-content\/uploads\/2023\/01\/LbhWM-localisation-de-nos-partenaires-en-rdc-nbsp-.png","width":1240,"height":1364},{"@type":"BreadcrumbList","@id":"https:\/\/fhs.cd\/de\/unsere-arbeit\/unsere-partner\/#breadcrumb","itemListElement":[{"@type":"ListItem","position":1,"name":"Accueil","item":"https:\/\/fhs.cd\/de\/"},{"@type":"ListItem","position":2,"name":"Unsere Arbeit","item":"https:\/\/fhs.cd\/de\/unsere-arbeit\/"},{"@type":"ListItem","position":3,"name":"Unsere Partner"}]},{"@type":"WebSite","@id":"https:\/\/fhs.cd\/de\/#website","url":"https:\/\/fhs.cd\/de\/","name":"Fondation Hanns Seidel","description":"","publisher":{"@id":"https:\/\/fhs.cd\/de\/#organization"},"potentialAction":[{"@type":"SearchAction","target":{"@type":"EntryPoint","urlTemplate":"https:\/\/fhs.cd\/de\/?s={search_term_string}"},"query-input":{"@type":"PropertyValueSpecification","valueRequired":true,"valueName":"search_term_string"}}],"inLanguage":"fr-FR"},{"@type":"Organization","@id":"https:\/\/fhs.cd\/de\/#organization","name":"Fondation Hanns Seidel","url":"https:\/\/fhs.cd\/de\/","logo":{"@type":"ImageObject","inLanguage":"fr-FR","@id":"https:\/\/fhs.cd\/de\/#\/schema\/logo\/image\/","url":"https:\/\/fhs.cd\/de\/wp-content\/uploads\/2023\/01\/cropped-FHS-Logo_fran_RGB_40.jpg","contentUrl":"https:\/\/fhs.cd\/de\/wp-content\/uploads\/2023\/01\/cropped-FHS-Logo_fran_RGB_40.jpg","width":570,"height":280,"caption":"Fondation Hanns Seidel"},"image":{"@id":"https:\/\/fhs.cd\/de\/#\/schema\/logo\/image\/"}}]}},"_links":{"self":[{"href":"https:\/\/fhs.cd\/de\/wp-json\/wp\/v2\/pages\/270","targetHints":{"allow":["GET"]}}],"collection":[{"href":"https:\/\/fhs.cd\/de\/wp-json\/wp\/v2\/pages"}],"about":[{"href":"https:\/\/fhs.cd\/de\/wp-json\/wp\/v2\/types\/page"}],"author":[{"embeddable":true,"href":"https:\/\/fhs.cd\/de\/wp-json\/wp\/v2\/users\/1"}],"replies":[{"embeddable":true,"href":"https:\/\/fhs.cd\/de\/wp-json\/wp\/v2\/comments?post=270"}],"version-history":[{"count":31,"href":"https:\/\/fhs.cd\/de\/wp-json\/wp\/v2\/pages\/270\/revisions"}],"predecessor-version":[{"id":4186,"href":"https:\/\/fhs.cd\/de\/wp-json\/wp\/v2\/pages\/270\/revisions\/4186"}],"up":[{"embeddable":true,"href":"https:\/\/fhs.cd\/de\/wp-json\/wp\/v2\/pages\/213"}],"wp:attachment":[{"href":"https:\/\/fhs.cd\/de\/wp-json\/wp\/v2\/media?parent=270"}],"curies":[{"name":"wp","href":"https:\/\/api.w.org\/{rel}","templated":true}]}}