{"id":213,"date":"2022-12-14T09:07:08","date_gmt":"2022-12-14T09:07:08","guid":{"rendered":"https:\/\/fhsrdc.wpcomstaging.com\/?page_id=213"},"modified":"2024-08-21T15:25:18","modified_gmt":"2024-08-21T15:25:18","slug":"unsere-arbeit","status":"publish","type":"page","link":"https:\/\/fhs.cd\/de\/unsere-arbeit\/","title":{"rendered":"Unsere Arbeit"},"content":{"rendered":"\t\t<div data-elementor-type=\"wp-page\" data-elementor-id=\"213\" class=\"elementor elementor-213\">\n\t\t\t\t\t\t<section class=\"elementor-section elementor-top-section elementor-element elementor-element-5c7cb66 elementor-section-boxed elementor-section-height-default elementor-section-height-default qodef-elementor-content-no\" data-id=\"5c7cb66\" data-element_type=\"section\" data-e-type=\"section\">\n\t\t\t\t\t\t<div class=\"elementor-container elementor-column-gap-default\">\n\t\t\t\t\t<div class=\"elementor-column elementor-col-50 elementor-top-column elementor-element elementor-element-2ca69f7\" data-id=\"2ca69f7\" data-element_type=\"column\" data-e-type=\"column\">\n\t\t\t<div class=\"elementor-widget-wrap elementor-element-populated\">\n\t\t\t\t\t\t<div class=\"elementor-element elementor-element-1956e20 elementor-widget elementor-widget-text-editor\" data-id=\"1956e20\" data-element_type=\"widget\" data-e-type=\"widget\" data-widget_type=\"text-editor.default\">\n\t\t\t\t<div class=\"elementor-widget-container\">\n\t\t\t\t\t\t\t\t\t<p><strong>Die Hanns-Seidel-Stiftung f\u00fchrt ihre Projekte \u00fcber ihre lokalen Partner durch und tritt somit als Geldgeber auf. Sie bel\u00e4sst es jedoch nicht nur bei der \u00dcberweisung der Mittel, sondern begleitet deren Verwendung in einem engen Dialog f\u00fcr eine f\u00fcr beide Seiten vorteilhafte Partnerschaft.<\/strong><\/p><p>Als politische Stiftung steht die F\u00f6rderung des gesellschaftspolitischen Engagements der Zivilgesellschaft im Mittelpunkt ihrer Arbeit. Durch die umgesetzten Aktivit\u00e4ten werden das Wissen und die Kompetenzen der Vertreter der Zivilgesellschaft im Bereich des sozialen und politischen Engagements erh\u00f6ht. Der Dialog zwischen Vertretern der Zivilgesellschaft, traditionellen Autorit\u00e4ten und staatlichen Stellen wird etabliert. Mit dem Women&rsquo;s Leadership Program werden Frauen bef\u00e4higt, F\u00fchrungsrollen in Gesellschaft und\/oder Politik zu \u00fcbernehmen oder ihr eigenes Unternehmen zu gr\u00fcnden.<\/p>\t\t\t\t\t\t\t\t<\/div>\n\t\t\t\t<\/div>\n\t\t\t\t\t<\/div>\n\t\t<\/div>\n\t\t\t\t<div class=\"elementor-column elementor-col-50 elementor-top-column elementor-element elementor-element-a7172e4\" data-id=\"a7172e4\" data-element_type=\"column\" data-e-type=\"column\">\n\t\t\t<div class=\"elementor-widget-wrap elementor-element-populated\">\n\t\t\t\t\t\t<div class=\"elementor-element elementor-element-2e4083f elementor-widget elementor-widget-text-editor\" data-id=\"2e4083f\" data-element_type=\"widget\" data-e-type=\"widget\" data-widget_type=\"text-editor.default\">\n\t\t\t\t<div class=\"elementor-widget-container\">\n\t\t\t\t\t\t\t\t\t<div class=\"wp-block-column\"><p>Im Bereich Unternehmertum st\u00e4rken wir die Etablierung von Plattformen von Unternehmerverb\u00e4nden als Interessengruppen und Ansprechpartner f\u00fcr \u00f6ffentliche Institutionen. Dar\u00fcber hinaus schulen und betreuen wir junge Unternehmensgr\u00fcnder und Start-ups sowie Kleinunternehmer.<\/p><p>Mit der IT-Ausbildung tragen wir zur Verbesserung der \u00f6ffentlichen Verwaltungsverfahren bei, die es erm\u00f6glichen, dass die Kenntnisse und F\u00e4higkeiten der Vertreter der \u00f6ffentlichen Verwaltung im Bereich der Informationstechnologie ausgebaut werden.<\/p><p>Die Stiftung hat in der Vergangenheit mehrere Projekte im Bereich der Landwirtschaft durchgef\u00fchrt, die sich mit der Komplexit\u00e4t der Ern\u00e4hrungssicherheit und der Widerstandsf\u00e4higkeit gegen\u00fcber dem Klimawandel befasst haben. Die Landbev\u00f6lkerung konnte sich durch die Herstellung und den Verkauf ihrer eigenen Produkte selbstst\u00e4ndig machen. Dies ist ein Einblick in die Arbeit, die wir hier in der DRK leisten.<\/p><\/div>\t\t\t\t\t\t\t\t<\/div>\n\t\t\t\t<\/div>\n\t\t\t\t\t<\/div>\n\t\t<\/div>\n\t\t\t\t\t<\/div>\n\t\t<\/section>\n\t\t\t\t<section class=\"elementor-section elementor-top-section elementor-element elementor-element-29883c4 elementor-section-boxed elementor-section-height-default elementor-section-height-default qodef-elementor-content-no\" data-id=\"29883c4\" data-element_type=\"section\" data-e-type=\"section\">\n\t\t\t\t\t\t<div class=\"elementor-container elementor-column-gap-default\">\n\t\t\t\t\t<div class=\"elementor-column elementor-col-33 elementor-top-column elementor-element elementor-element-42d8f9b\" data-id=\"42d8f9b\" data-element_type=\"column\" data-e-type=\"column\">\n\t\t\t<div class=\"elementor-widget-wrap elementor-element-populated\">\n\t\t\t\t\t\t<div class=\"elementor-element elementor-element-59463f9 elementor-widget elementor-widget-image\" data-id=\"59463f9\" data-element_type=\"widget\" data-e-type=\"widget\" data-widget_type=\"image.default\">\n\t\t\t\t<div class=\"elementor-widget-container\">\n\t\t\t\t\t\t\t\t\t\t\t\t\t\t\t\t<a href=\"https:\/\/fhs.cd\/de\/unsere-arbeit\/politische-bildung\/\">\n\t\t\t\t\t\t\t<img fetchpriority=\"high\" decoding=\"async\" width=\"1024\" height=\"683\" src=\"https:\/\/fhs.cd\/de\/wp-content\/uploads\/2024\/08\/20230221_kongo_braunschaedel-16-1024x683.jpg\" class=\"attachment-large size-large wp-image-4128\" alt=\"\" srcset=\"https:\/\/fhs.cd\/de\/wp-content\/uploads\/2024\/08\/20230221_kongo_braunschaedel-16-1024x683.jpg 1024w, https:\/\/fhs.cd\/de\/wp-content\/uploads\/2024\/08\/20230221_kongo_braunschaedel-16-300x200.jpg 300w, https:\/\/fhs.cd\/de\/wp-content\/uploads\/2024\/08\/20230221_kongo_braunschaedel-16-768x512.jpg 768w, https:\/\/fhs.cd\/de\/wp-content\/uploads\/2024\/08\/20230221_kongo_braunschaedel-16-1536x1024.jpg 1536w, https:\/\/fhs.cd\/de\/wp-content\/uploads\/2024\/08\/20230221_kongo_braunschaedel-16-2048x1366.jpg 2048w\" sizes=\"(max-width: 1024px) 100vw, 1024px\" \/>\t\t\t\t\t\t\t\t<\/a>\n\t\t\t\t\t\t\t\t\t\t\t\t\t\t\t<\/div>\n\t\t\t\t<\/div>\n\t\t\t\t<div class=\"elementor-element elementor-element-9195b46 elementor-widget elementor-widget-heading\" data-id=\"9195b46\" data-element_type=\"widget\" data-e-type=\"widget\" data-widget_type=\"heading.default\">\n\t\t\t\t<div class=\"elementor-widget-container\">\n\t\t\t\t\t<h3 class=\"elementor-heading-title elementor-size-default\"><a href=\"https:\/\/fhs.cd\/de\/unsere-arbeit\/politische-bildung\/\">Politische Bildung<\/a><\/h3>\t\t\t\t<\/div>\n\t\t\t\t<\/div>\n\t\t\t\t\t<\/div>\n\t\t<\/div>\n\t\t\t\t<div class=\"elementor-column elementor-col-33 elementor-top-column elementor-element elementor-element-aca4002\" data-id=\"aca4002\" data-element_type=\"column\" data-e-type=\"column\">\n\t\t\t<div class=\"elementor-widget-wrap elementor-element-populated\">\n\t\t\t\t\t\t<div class=\"elementor-element elementor-element-83acabb elementor-widget elementor-widget-image\" data-id=\"83acabb\" data-element_type=\"widget\" data-e-type=\"widget\" data-widget_type=\"image.default\">\n\t\t\t\t<div class=\"elementor-widget-container\">\n\t\t\t\t\t\t\t\t\t\t\t\t\t\t\t\t<a href=\"https:\/\/fhs.cd\/de\/unsere-arbeit\/frauenfoerderung\/\">\n\t\t\t\t\t\t\t<img decoding=\"async\" width=\"1024\" height=\"683\" src=\"https:\/\/fhs.cd\/de\/wp-content\/uploads\/2024\/08\/20230214_workshopHSSkinshasa_braunschadel-31-1024x683.jpg\" class=\"attachment-large size-large wp-image-4127\" alt=\"\" srcset=\"https:\/\/fhs.cd\/de\/wp-content\/uploads\/2024\/08\/20230214_workshopHSSkinshasa_braunschadel-31-1024x683.jpg 1024w, https:\/\/fhs.cd\/de\/wp-content\/uploads\/2024\/08\/20230214_workshopHSSkinshasa_braunschadel-31-300x200.jpg 300w, https:\/\/fhs.cd\/de\/wp-content\/uploads\/2024\/08\/20230214_workshopHSSkinshasa_braunschadel-31-768x512.jpg 768w, https:\/\/fhs.cd\/de\/wp-content\/uploads\/2024\/08\/20230214_workshopHSSkinshasa_braunschadel-31-1536x1024.jpg 1536w, https:\/\/fhs.cd\/de\/wp-content\/uploads\/2024\/08\/20230214_workshopHSSkinshasa_braunschadel-31-2048x1366.jpg 2048w\" sizes=\"(max-width: 1024px) 100vw, 1024px\" \/>\t\t\t\t\t\t\t\t<\/a>\n\t\t\t\t\t\t\t\t\t\t\t\t\t\t\t<\/div>\n\t\t\t\t<\/div>\n\t\t\t\t<div class=\"elementor-element elementor-element-fa49067 elementor-widget elementor-widget-heading\" data-id=\"fa49067\" data-element_type=\"widget\" data-e-type=\"widget\" data-widget_type=\"heading.default\">\n\t\t\t\t<div class=\"elementor-widget-container\">\n\t\t\t\t\t<h3 class=\"elementor-heading-title elementor-size-default\"><a href=\"https:\/\/fhs.cd\/de\/unsere-arbeit\/frauenfoerderung\/\">Frauenf\u00f6rderung<\/a><\/h3>\t\t\t\t<\/div>\n\t\t\t\t<\/div>\n\t\t\t\t\t<\/div>\n\t\t<\/div>\n\t\t\t\t<div class=\"elementor-column elementor-col-33 elementor-top-column elementor-element elementor-element-a05ab43\" data-id=\"a05ab43\" data-element_type=\"column\" data-e-type=\"column\">\n\t\t\t<div class=\"elementor-widget-wrap elementor-element-populated\">\n\t\t\t\t\t\t<div class=\"elementor-element elementor-element-3b9b9a2 elementor-widget elementor-widget-image\" data-id=\"3b9b9a2\" data-element_type=\"widget\" data-e-type=\"widget\" data-widget_type=\"image.default\">\n\t\t\t\t<div class=\"elementor-widget-container\">\n\t\t\t\t\t\t\t\t\t\t\t\t\t\t\t\t<a href=\"https:\/\/fhs.cd\/de\/unsere-arbeit\/land-governance\/\">\n\t\t\t\t\t\t\t<img decoding=\"async\" width=\"1024\" height=\"683\" src=\"https:\/\/fhs.cd\/de\/wp-content\/uploads\/2023\/01\/2019-02-14_NTSIO_Tag-4_MD_0093-1024x683.jpg\" class=\"attachment-large size-large wp-image-2996\" alt=\"\" srcset=\"https:\/\/fhs.cd\/de\/wp-content\/uploads\/2023\/01\/2019-02-14_NTSIO_Tag-4_MD_0093-1024x683.jpg 1024w, https:\/\/fhs.cd\/de\/wp-content\/uploads\/2023\/01\/2019-02-14_NTSIO_Tag-4_MD_0093-300x200.jpg 300w, https:\/\/fhs.cd\/de\/wp-content\/uploads\/2023\/01\/2019-02-14_NTSIO_Tag-4_MD_0093-768x512.jpg 768w, https:\/\/fhs.cd\/de\/wp-content\/uploads\/2023\/01\/2019-02-14_NTSIO_Tag-4_MD_0093.jpg 1520w\" sizes=\"(max-width: 1024px) 100vw, 1024px\" \/>\t\t\t\t\t\t\t\t<\/a>\n\t\t\t\t\t\t\t\t\t\t\t\t\t\t\t<\/div>\n\t\t\t\t<\/div>\n\t\t\t\t<div class=\"elementor-element elementor-element-4138a2d elementor-widget elementor-widget-heading\" data-id=\"4138a2d\" data-element_type=\"widget\" data-e-type=\"widget\" data-widget_type=\"heading.default\">\n\t\t\t\t<div class=\"elementor-widget-container\">\n\t\t\t\t\t<h3 class=\"elementor-heading-title elementor-size-default\"><a href=\"https:\/\/fhs.cd\/de\/unsere-arbeit\/land-governance\/\">Land Governance (Landverwaltung)<\/a><\/h3>\t\t\t\t<\/div>\n\t\t\t\t<\/div>\n\t\t\t\t\t<\/div>\n\t\t<\/div>\n\t\t\t\t\t<\/div>\n\t\t<\/section>\n\t\t\t\t<section class=\"elementor-section elementor-top-section elementor-element elementor-element-06eab80 elementor-section-boxed elementor-section-height-default elementor-section-height-default qodef-elementor-content-no\" data-id=\"06eab80\" data-element_type=\"section\" data-e-type=\"section\">\n\t\t\t\t\t\t<div class=\"elementor-container elementor-column-gap-default\">\n\t\t\t\t\t<div class=\"elementor-column elementor-col-33 elementor-top-column elementor-element elementor-element-73bf70d\" data-id=\"73bf70d\" data-element_type=\"column\" data-e-type=\"column\">\n\t\t\t<div class=\"elementor-widget-wrap elementor-element-populated\">\n\t\t\t\t\t\t<div class=\"elementor-element elementor-element-3c6a977 elementor-widget elementor-widget-image\" data-id=\"3c6a977\" data-element_type=\"widget\" data-e-type=\"widget\" data-widget_type=\"image.default\">\n\t\t\t\t<div class=\"elementor-widget-container\">\n\t\t\t\t\t\t\t\t\t\t\t\t\t\t\t\t<a href=\"https:\/\/fhs.cd\/de\/unsere-arbeit\/agroforstwirtschaft\/\">\n\t\t\t\t\t\t\t<img loading=\"lazy\" decoding=\"async\" width=\"1024\" height=\"683\" src=\"https:\/\/fhs.cd\/de\/wp-content\/uploads\/2023\/01\/2019-02-12_NTSIO_Tag-2_MD_0396-1024x683.jpg\" class=\"attachment-large size-large wp-image-2998\" alt=\"\" srcset=\"https:\/\/fhs.cd\/de\/wp-content\/uploads\/2023\/01\/2019-02-12_NTSIO_Tag-2_MD_0396-1024x683.jpg 1024w, https:\/\/fhs.cd\/de\/wp-content\/uploads\/2023\/01\/2019-02-12_NTSIO_Tag-2_MD_0396-300x200.jpg 300w, https:\/\/fhs.cd\/de\/wp-content\/uploads\/2023\/01\/2019-02-12_NTSIO_Tag-2_MD_0396-768x512.jpg 768w, https:\/\/fhs.cd\/de\/wp-content\/uploads\/2023\/01\/2019-02-12_NTSIO_Tag-2_MD_0396-1536x1024.jpg 1536w, https:\/\/fhs.cd\/de\/wp-content\/uploads\/2023\/01\/2019-02-12_NTSIO_Tag-2_MD_0396.jpg 1600w\" sizes=\"(max-width: 1024px) 100vw, 1024px\" \/>\t\t\t\t\t\t\t\t<\/a>\n\t\t\t\t\t\t\t\t\t\t\t\t\t\t\t<\/div>\n\t\t\t\t<\/div>\n\t\t\t\t<div class=\"elementor-element elementor-element-ff74922 elementor-widget elementor-widget-heading\" data-id=\"ff74922\" data-element_type=\"widget\" data-e-type=\"widget\" data-widget_type=\"heading.default\">\n\t\t\t\t<div class=\"elementor-widget-container\">\n\t\t\t\t\t<h3 class=\"elementor-heading-title elementor-size-default\"><a href=\"https:\/\/fhs.cd\/de\/unsere-arbeit\/agroforstwirtschaft\/\">Agroforstwirtschaft<\/a><\/h3>\t\t\t\t<\/div>\n\t\t\t\t<\/div>\n\t\t\t\t\t<\/div>\n\t\t<\/div>\n\t\t\t\t<div class=\"elementor-column elementor-col-33 elementor-top-column elementor-element elementor-element-de63561\" data-id=\"de63561\" data-element_type=\"column\" data-e-type=\"column\">\n\t\t\t<div class=\"elementor-widget-wrap elementor-element-populated\">\n\t\t\t\t\t\t<div class=\"elementor-element elementor-element-b403f70 elementor-widget elementor-widget-image\" data-id=\"b403f70\" data-element_type=\"widget\" data-e-type=\"widget\" data-widget_type=\"image.default\">\n\t\t\t\t<div class=\"elementor-widget-container\">\n\t\t\t\t\t\t\t\t\t\t\t\t\t\t\t\t<a href=\"https:\/\/fhs.cd\/de\/unsere-arbeit\/foerderung-des-unternehmertums\/\">\n\t\t\t\t\t\t\t<img loading=\"lazy\" decoding=\"async\" width=\"1024\" height=\"683\" src=\"https:\/\/fhs.cd\/de\/wp-content\/uploads\/2023\/01\/2019-02-23_Kinshasa_MD_0006-1-1024x683.jpg\" class=\"attachment-large size-large wp-image-3151\" alt=\"\" srcset=\"https:\/\/fhs.cd\/de\/wp-content\/uploads\/2023\/01\/2019-02-23_Kinshasa_MD_0006-1-1024x683.jpg 1024w, https:\/\/fhs.cd\/de\/wp-content\/uploads\/2023\/01\/2019-02-23_Kinshasa_MD_0006-1-300x200.jpg 300w, https:\/\/fhs.cd\/de\/wp-content\/uploads\/2023\/01\/2019-02-23_Kinshasa_MD_0006-1-768x513.jpg 768w, https:\/\/fhs.cd\/de\/wp-content\/uploads\/2023\/01\/2019-02-23_Kinshasa_MD_0006-1.jpg 1368w\" sizes=\"(max-width: 1024px) 100vw, 1024px\" \/>\t\t\t\t\t\t\t\t<\/a>\n\t\t\t\t\t\t\t\t\t\t\t\t\t\t\t<\/div>\n\t\t\t\t<\/div>\n\t\t\t\t<div class=\"elementor-element elementor-element-d81f65e elementor-widget elementor-widget-heading\" data-id=\"d81f65e\" data-element_type=\"widget\" data-e-type=\"widget\" data-widget_type=\"heading.default\">\n\t\t\t\t<div class=\"elementor-widget-container\">\n\t\t\t\t\t<h3 class=\"elementor-heading-title elementor-size-default\"><a href=\"https:\/\/fhs.cd\/de\/unsere-arbeit\/foerderung-des-unternehmertums\/\">Unternehmerf\u00f6rderung<\/a><\/h3>\t\t\t\t<\/div>\n\t\t\t\t<\/div>\n\t\t\t\t\t<\/div>\n\t\t<\/div>\n\t\t\t\t<div class=\"elementor-column elementor-col-33 elementor-top-column elementor-element elementor-element-696f332\" data-id=\"696f332\" data-element_type=\"column\" data-e-type=\"column\">\n\t\t\t<div class=\"elementor-widget-wrap elementor-element-populated\">\n\t\t\t\t\t\t<div class=\"elementor-element elementor-element-0ecd2bb elementor-widget elementor-widget-image\" data-id=\"0ecd2bb\" data-element_type=\"widget\" data-e-type=\"widget\" data-widget_type=\"image.default\">\n\t\t\t\t<div class=\"elementor-widget-container\">\n\t\t\t\t\t\t\t\t\t\t\t\t\t\t\t\t<a href=\"https:\/\/fhs.cd\/de\/unsere-arbeit\/unsere-partner\/\">\n\t\t\t\t\t\t\t<img loading=\"lazy\" decoding=\"async\" width=\"1024\" height=\"683\" src=\"https:\/\/fhs.cd\/de\/wp-content\/uploads\/2023\/01\/2019-02-08_Kinshasa_MD_0079-1024x683.jpg\" class=\"attachment-large size-large wp-image-2999\" alt=\"\" srcset=\"https:\/\/fhs.cd\/de\/wp-content\/uploads\/2023\/01\/2019-02-08_Kinshasa_MD_0079-1024x683.jpg 1024w, https:\/\/fhs.cd\/de\/wp-content\/uploads\/2023\/01\/2019-02-08_Kinshasa_MD_0079-300x200.jpg 300w, https:\/\/fhs.cd\/de\/wp-content\/uploads\/2023\/01\/2019-02-08_Kinshasa_MD_0079-768x512.jpg 768w, https:\/\/fhs.cd\/de\/wp-content\/uploads\/2023\/01\/2019-02-08_Kinshasa_MD_0079-1536x1024.jpg 1536w, https:\/\/fhs.cd\/de\/wp-content\/uploads\/2023\/01\/2019-02-08_Kinshasa_MD_0079.jpg 1600w\" sizes=\"(max-width: 1024px) 100vw, 1024px\" \/>\t\t\t\t\t\t\t\t<\/a>\n\t\t\t\t\t\t\t\t\t\t\t\t\t\t\t<\/div>\n\t\t\t\t<\/div>\n\t\t\t\t<div class=\"elementor-element elementor-element-b60fb6b elementor-widget elementor-widget-heading\" data-id=\"b60fb6b\" data-element_type=\"widget\" data-e-type=\"widget\" data-widget_type=\"heading.default\">\n\t\t\t\t<div class=\"elementor-widget-container\">\n\t\t\t\t\t<h3 class=\"elementor-heading-title elementor-size-default\"><a href=\"https:\/\/fhs.cd\/de\/unsere-arbeit\/unsere-partner\/\">Unsere Partner<\/a><\/h3>\t\t\t\t<\/div>\n\t\t\t\t<\/div>\n\t\t\t\t\t<\/div>\n\t\t<\/div>\n\t\t\t\t\t<\/div>\n\t\t<\/section>\n\t\t\t\t<\/div>\n\t\t","protected":false},"excerpt":{"rendered":"<p>Die Hanns-Seidel-Stiftung f\u00fchrt ihre Projekte \u00fcber ihre lokalen Partner durch und tritt somit als Geldgeber [&hellip;]<\/p>\n","protected":false},"author":1,"featured_media":0,"parent":0,"menu_order":0,"comment_status":"closed","ping_status":"closed","template":"elementor_theme","meta":{"_crdt_document":"","footnotes":""},"class_list":["post-213","page","type-page","status-publish","hentry"],"yoast_head":"<!-- This site is optimized with the Yoast SEO plugin v27.4 - https:\/\/yoast.com\/product\/yoast-seo-wordpress\/ -->\r\n<title>Unsere Arbeit | Fondation Hanns Seidel<\/title>\r\n<meta name=\"robots\" content=\"index, follow, max-snippet:-1, max-image-preview:large, max-video-preview:-1\" \/>\r\n<link rel=\"canonical\" href=\"https:\/\/fhs.cd\/de\/unsere-arbeit\/\" \/>\r\n<meta property=\"og:locale\" content=\"fr_FR\" \/>\r\n<meta property=\"og:type\" content=\"article\" \/>\r\n<meta property=\"og:title\" content=\"Unsere Arbeit | Fondation Hanns Seidel\" \/>\r\n<meta property=\"og:description\" content=\"Die Hanns-Seidel-Stiftung f\u00fchrt ihre Projekte \u00fcber ihre lokalen Partner durch und tritt somit als Geldgeber [&hellip;]\" \/>\r\n<meta property=\"og:url\" content=\"https:\/\/fhs.cd\/de\/unsere-arbeit\/\" \/>\r\n<meta property=\"og:site_name\" content=\"Fondation Hanns Seidel\" \/>\r\n<meta property=\"article:modified_time\" content=\"2024-08-21T15:25:18+00:00\" \/>\r\n<meta property=\"og:image\" content=\"https:\/\/fhs.cd\/de\/wp-content\/uploads\/2024\/08\/20230221_kongo_braunschaedel-16-1024x683.jpg\" \/>\r\n<meta name=\"twitter:card\" content=\"summary_large_image\" \/>\r\n<meta name=\"twitter:label1\" content=\"Dur\u00e9e de lecture estim\u00e9e\" \/>\n\t<meta name=\"twitter:data1\" content=\"3 minutes\" \/>\r\n<script type=\"application\/ld+json\" class=\"yoast-schema-graph\">{\"@context\":\"https:\\\/\\\/schema.org\",\"@graph\":[{\"@type\":\"WebPage\",\"@id\":\"https:\\\/\\\/fhs.cd\\\/de\\\/unsere-arbeit\\\/\",\"url\":\"https:\\\/\\\/fhs.cd\\\/de\\\/unsere-arbeit\\\/\",\"name\":\"Unsere Arbeit | Fondation Hanns Seidel\",\"isPartOf\":{\"@id\":\"https:\\\/\\\/fhs.cd\\\/de\\\/#website\"},\"primaryImageOfPage\":{\"@id\":\"https:\\\/\\\/fhs.cd\\\/de\\\/unsere-arbeit\\\/#primaryimage\"},\"image\":{\"@id\":\"https:\\\/\\\/fhs.cd\\\/de\\\/unsere-arbeit\\\/#primaryimage\"},\"thumbnailUrl\":\"https:\\\/\\\/fhs.cd\\\/de\\\/wp-content\\\/uploads\\\/2024\\\/08\\\/20230221_kongo_braunschaedel-16-1024x683.jpg\",\"datePublished\":\"2022-12-14T09:07:08+00:00\",\"dateModified\":\"2024-08-21T15:25:18+00:00\",\"breadcrumb\":{\"@id\":\"https:\\\/\\\/fhs.cd\\\/de\\\/unsere-arbeit\\\/#breadcrumb\"},\"inLanguage\":\"fr-FR\",\"potentialAction\":[{\"@type\":\"ReadAction\",\"target\":[\"https:\\\/\\\/fhs.cd\\\/de\\\/unsere-arbeit\\\/\"]}]},{\"@type\":\"ImageObject\",\"inLanguage\":\"fr-FR\",\"@id\":\"https:\\\/\\\/fhs.cd\\\/de\\\/unsere-arbeit\\\/#primaryimage\",\"url\":\"https:\\\/\\\/fhs.cd\\\/de\\\/wp-content\\\/uploads\\\/2024\\\/08\\\/20230221_kongo_braunschaedel-16.jpg\",\"contentUrl\":\"https:\\\/\\\/fhs.cd\\\/de\\\/wp-content\\\/uploads\\\/2024\\\/08\\\/20230221_kongo_braunschaedel-16.jpg\",\"width\":2500,\"height\":1667},{\"@type\":\"BreadcrumbList\",\"@id\":\"https:\\\/\\\/fhs.cd\\\/de\\\/unsere-arbeit\\\/#breadcrumb\",\"itemListElement\":[{\"@type\":\"ListItem\",\"position\":1,\"name\":\"Accueil\",\"item\":\"https:\\\/\\\/fhs.cd\\\/de\\\/\"},{\"@type\":\"ListItem\",\"position\":2,\"name\":\"Unsere Arbeit\"}]},{\"@type\":\"WebSite\",\"@id\":\"https:\\\/\\\/fhs.cd\\\/de\\\/#website\",\"url\":\"https:\\\/\\\/fhs.cd\\\/de\\\/\",\"name\":\"Fondation Hanns Seidel\",\"description\":\"\",\"publisher\":{\"@id\":\"https:\\\/\\\/fhs.cd\\\/de\\\/#organization\"},\"potentialAction\":[{\"@type\":\"SearchAction\",\"target\":{\"@type\":\"EntryPoint\",\"urlTemplate\":\"https:\\\/\\\/fhs.cd\\\/de\\\/?s={search_term_string}\"},\"query-input\":{\"@type\":\"PropertyValueSpecification\",\"valueRequired\":true,\"valueName\":\"search_term_string\"}}],\"inLanguage\":\"fr-FR\"},{\"@type\":\"Organization\",\"@id\":\"https:\\\/\\\/fhs.cd\\\/de\\\/#organization\",\"name\":\"Fondation Hanns Seidel\",\"url\":\"https:\\\/\\\/fhs.cd\\\/de\\\/\",\"logo\":{\"@type\":\"ImageObject\",\"inLanguage\":\"fr-FR\",\"@id\":\"https:\\\/\\\/fhs.cd\\\/de\\\/#\\\/schema\\\/logo\\\/image\\\/\",\"url\":\"https:\\\/\\\/fhs.cd\\\/de\\\/wp-content\\\/uploads\\\/2023\\\/01\\\/cropped-FHS-Logo_fran_RGB_40.jpg\",\"contentUrl\":\"https:\\\/\\\/fhs.cd\\\/de\\\/wp-content\\\/uploads\\\/2023\\\/01\\\/cropped-FHS-Logo_fran_RGB_40.jpg\",\"width\":570,\"height\":280,\"caption\":\"Fondation Hanns Seidel\"},\"image\":{\"@id\":\"https:\\\/\\\/fhs.cd\\\/de\\\/#\\\/schema\\\/logo\\\/image\\\/\"}}]}<\/script>\r\n<!-- \/ Yoast SEO plugin. -->","yoast_head_json":{"title":"Unsere Arbeit | Fondation Hanns Seidel","robots":{"index":"index","follow":"follow","max-snippet":"max-snippet:-1","max-image-preview":"max-image-preview:large","max-video-preview":"max-video-preview:-1"},"canonical":"https:\/\/fhs.cd\/de\/unsere-arbeit\/","og_locale":"fr_FR","og_type":"article","og_title":"Unsere Arbeit | Fondation Hanns Seidel","og_description":"Die Hanns-Seidel-Stiftung f\u00fchrt ihre Projekte \u00fcber ihre lokalen Partner durch und tritt somit als Geldgeber [&hellip;]","og_url":"https:\/\/fhs.cd\/de\/unsere-arbeit\/","og_site_name":"Fondation Hanns Seidel","article_modified_time":"2024-08-21T15:25:18+00:00","og_image":[{"url":"https:\/\/fhs.cd\/de\/wp-content\/uploads\/2024\/08\/20230221_kongo_braunschaedel-16-1024x683.jpg","type":"","width":"","height":""}],"twitter_card":"summary_large_image","twitter_misc":{"Dur\u00e9e de lecture estim\u00e9e":"3 minutes"},"schema":{"@context":"https:\/\/schema.org","@graph":[{"@type":"WebPage","@id":"https:\/\/fhs.cd\/de\/unsere-arbeit\/","url":"https:\/\/fhs.cd\/de\/unsere-arbeit\/","name":"Unsere Arbeit | Fondation Hanns Seidel","isPartOf":{"@id":"https:\/\/fhs.cd\/de\/#website"},"primaryImageOfPage":{"@id":"https:\/\/fhs.cd\/de\/unsere-arbeit\/#primaryimage"},"image":{"@id":"https:\/\/fhs.cd\/de\/unsere-arbeit\/#primaryimage"},"thumbnailUrl":"https:\/\/fhs.cd\/de\/wp-content\/uploads\/2024\/08\/20230221_kongo_braunschaedel-16-1024x683.jpg","datePublished":"2022-12-14T09:07:08+00:00","dateModified":"2024-08-21T15:25:18+00:00","breadcrumb":{"@id":"https:\/\/fhs.cd\/de\/unsere-arbeit\/#breadcrumb"},"inLanguage":"fr-FR","potentialAction":[{"@type":"ReadAction","target":["https:\/\/fhs.cd\/de\/unsere-arbeit\/"]}]},{"@type":"ImageObject","inLanguage":"fr-FR","@id":"https:\/\/fhs.cd\/de\/unsere-arbeit\/#primaryimage","url":"https:\/\/fhs.cd\/de\/wp-content\/uploads\/2024\/08\/20230221_kongo_braunschaedel-16.jpg","contentUrl":"https:\/\/fhs.cd\/de\/wp-content\/uploads\/2024\/08\/20230221_kongo_braunschaedel-16.jpg","width":2500,"height":1667},{"@type":"BreadcrumbList","@id":"https:\/\/fhs.cd\/de\/unsere-arbeit\/#breadcrumb","itemListElement":[{"@type":"ListItem","position":1,"name":"Accueil","item":"https:\/\/fhs.cd\/de\/"},{"@type":"ListItem","position":2,"name":"Unsere Arbeit"}]},{"@type":"WebSite","@id":"https:\/\/fhs.cd\/de\/#website","url":"https:\/\/fhs.cd\/de\/","name":"Fondation Hanns Seidel","description":"","publisher":{"@id":"https:\/\/fhs.cd\/de\/#organization"},"potentialAction":[{"@type":"SearchAction","target":{"@type":"EntryPoint","urlTemplate":"https:\/\/fhs.cd\/de\/?s={search_term_string}"},"query-input":{"@type":"PropertyValueSpecification","valueRequired":true,"valueName":"search_term_string"}}],"inLanguage":"fr-FR"},{"@type":"Organization","@id":"https:\/\/fhs.cd\/de\/#organization","name":"Fondation Hanns Seidel","url":"https:\/\/fhs.cd\/de\/","logo":{"@type":"ImageObject","inLanguage":"fr-FR","@id":"https:\/\/fhs.cd\/de\/#\/schema\/logo\/image\/","url":"https:\/\/fhs.cd\/de\/wp-content\/uploads\/2023\/01\/cropped-FHS-Logo_fran_RGB_40.jpg","contentUrl":"https:\/\/fhs.cd\/de\/wp-content\/uploads\/2023\/01\/cropped-FHS-Logo_fran_RGB_40.jpg","width":570,"height":280,"caption":"Fondation Hanns Seidel"},"image":{"@id":"https:\/\/fhs.cd\/de\/#\/schema\/logo\/image\/"}}]}},"_links":{"self":[{"href":"https:\/\/fhs.cd\/de\/wp-json\/wp\/v2\/pages\/213","targetHints":{"allow":["GET"]}}],"collection":[{"href":"https:\/\/fhs.cd\/de\/wp-json\/wp\/v2\/pages"}],"about":[{"href":"https:\/\/fhs.cd\/de\/wp-json\/wp\/v2\/types\/page"}],"author":[{"embeddable":true,"href":"https:\/\/fhs.cd\/de\/wp-json\/wp\/v2\/users\/1"}],"replies":[{"embeddable":true,"href":"https:\/\/fhs.cd\/de\/wp-json\/wp\/v2\/comments?post=213"}],"version-history":[{"count":19,"href":"https:\/\/fhs.cd\/de\/wp-json\/wp\/v2\/pages\/213\/revisions"}],"predecessor-version":[{"id":4134,"href":"https:\/\/fhs.cd\/de\/wp-json\/wp\/v2\/pages\/213\/revisions\/4134"}],"wp:attachment":[{"href":"https:\/\/fhs.cd\/de\/wp-json\/wp\/v2\/media?parent=213"}],"curies":[{"name":"wp","href":"https:\/\/api.w.org\/{rel}","templated":true}]}}